{"id":23181,"date":"2023-06-22T14:48:21","date_gmt":"2023-06-22T12:48:21","guid":{"rendered":"https:\/\/shop.mittgard.de\/?post_type=product&#038;p=23181"},"modified":"2025-09-30T18:38:45","modified_gmt":"2025-09-30T16:38:45","slug":"gabreta","status":"publish","type":"product","link":"https:\/\/shop.mittgard.de\/?product=gabreta","title":{"rendered":"Gabreta Zinn versilbert"},"content":{"rendered":"<p>Gabreta ist der antike lateinische Name f\u00fcr den B\u00f6hmerwald, soll aber angeblich auch der Name einer keltischen Waldg\u00f6ttin ebenda gewesen sein. Dieses Medaillon wurde extra f\u00fcr das Keltendorf Gabreta und seine G\u00f6ttin entworfen.<\/p>\n<p>Zinn, versilbert und geschw\u00e4rzt, inklusive Lederband<\/p>\n","protected":false},"excerpt":{"rendered":"<p>Gabreta ist der antike lateinische Name f\u00fcr den B\u00f6hmerwald, soll aber angeblich auch der Name einer keltischen Waldg\u00f6ttin ebenda gewesen sein. Dieses Medaillon wurde extra f\u00fcr das Keltendorf Gabreta und seine G\u00f6ttin entworfen. Zinn, versilbert und geschw\u00e4rzt, inklusive Lederband<\/p>\n","protected":false},"featured_media":26031,"template":"","meta":[],"product_brand":[],"product_cat":[479,478,455],"product_tag":[824,1431,603,313,1432],"class_list":{"0":"post-23181","1":"product","2":"type-product","3":"status-publish","4":"has-post-thumbnail","6":"product_cat-anhaenger-keltischer-schmuck","7":"product_cat-keltischer-schmuck","8":"product_cat-schmuck","9":"product_tag-boehmen","10":"product_tag-gabreta","11":"product_tag-goettin","12":"product_tag-kelten","13":"product_tag-museumsdorf","14":"product_shipping_class-brief","16":"first","17":"onbackorder","18":"taxable","19":"shipping-taxable","20":"purchasable","21":"product-type-simple"},"_links":{"self":[{"href":"https:\/\/shop.mittgard.de\/index.php?rest_route=\/wp\/v2\/product\/23181","targetHints":{"allow":["GET"]}}],"collection":[{"href":"https:\/\/shop.mittgard.de\/index.php?rest_route=\/wp\/v2\/product"}],"about":[{"href":"https:\/\/shop.mittgard.de\/index.php?rest_route=\/wp\/v2\/types\/product"}],"wp:featuredmedia":[{"embeddable":true,"href":"https:\/\/shop.mittgard.de\/index.php?rest_route=\/wp\/v2\/media\/26031"}],"wp:attachment":[{"href":"https:\/\/shop.mittgard.de\/index.php?rest_route=%2Fwp%2Fv2%2Fmedia&parent=23181"}],"wp:term":[{"taxonomy":"product_brand","embeddable":true,"href":"https:\/\/shop.mittgard.de\/index.php?rest_route=%2Fwp%2Fv2%2Fproduct_brand&post=23181"},{"taxonomy":"product_cat","embeddable":true,"href":"https:\/\/shop.mittgard.de\/index.php?rest_route=%2Fwp%2Fv2%2Fproduct_cat&post=23181"},{"taxonomy":"product_tag","embeddable":true,"href":"https:\/\/shop.mittgard.de\/index.php?rest_route=%2Fwp%2Fv2%2Fproduct_tag&post=23181"}],"curies":[{"name":"wp","href":"https:\/\/api.w.org\/{rel}","templated":true}]}}