{"id":23190,"date":"2023-06-22T15:18:05","date_gmt":"2023-06-22T13:18:05","guid":{"rendered":"https:\/\/shop.mittgard.de\/?post_type=product&#038;p=23190"},"modified":"2025-09-30T19:17:24","modified_gmt":"2025-09-30T17:17:24","slug":"glas-blockperle-kupfer","status":"publish","type":"product","link":"https:\/\/shop.mittgard.de\/?product=glas-blockperle-kupfer","title":{"rendered":"Glas, Blockperle, Kupfer"},"content":{"rendered":"<p>Glasperle in Blockform, kupferfarben<\/p>\n<p>1,2 x 1,2 x 0,5 cm<\/p>\n<p>mit d\u00fcnner Lochbohrung, nur f\u00fcr Draht oder Angelschnur geeignet<\/p>\n<p>Preis pro St\u00fcck<\/p>\n","protected":false},"excerpt":{"rendered":"<p>Glasperle in Blockform, kupferfarben 1,2 x 1,2 x 0,5 cm mit d\u00fcnner Lochbohrung, nur f\u00fcr Draht oder Angelschnur geeignet Preis pro St\u00fcck<\/p>\n","protected":false},"featured_media":26060,"template":"","meta":[],"product_brand":[],"product_cat":[486,455],"product_tag":[1434,88,826,490],"class_list":{"0":"post-23190","1":"product","2":"type-product","3":"status-publish","4":"has-post-thumbnail","6":"product_cat-perlen","7":"product_cat-schmuck","8":"product_tag-block","9":"product_tag-braun","10":"product_tag-glasperle","11":"product_tag-kupfer","13":"first","14":"instock","15":"taxable","16":"shipping-taxable","17":"purchasable","18":"product-type-simple"},"_links":{"self":[{"href":"https:\/\/shop.mittgard.de\/index.php?rest_route=\/wp\/v2\/product\/23190","targetHints":{"allow":["GET"]}}],"collection":[{"href":"https:\/\/shop.mittgard.de\/index.php?rest_route=\/wp\/v2\/product"}],"about":[{"href":"https:\/\/shop.mittgard.de\/index.php?rest_route=\/wp\/v2\/types\/product"}],"wp:featuredmedia":[{"embeddable":true,"href":"https:\/\/shop.mittgard.de\/index.php?rest_route=\/wp\/v2\/media\/26060"}],"wp:attachment":[{"href":"https:\/\/shop.mittgard.de\/index.php?rest_route=%2Fwp%2Fv2%2Fmedia&parent=23190"}],"wp:term":[{"taxonomy":"product_brand","embeddable":true,"href":"https:\/\/shop.mittgard.de\/index.php?rest_route=%2Fwp%2Fv2%2Fproduct_brand&post=23190"},{"taxonomy":"product_cat","embeddable":true,"href":"https:\/\/shop.mittgard.de\/index.php?rest_route=%2Fwp%2Fv2%2Fproduct_cat&post=23190"},{"taxonomy":"product_tag","embeddable":true,"href":"https:\/\/shop.mittgard.de\/index.php?rest_route=%2Fwp%2Fv2%2Fproduct_tag&post=23190"}],"curies":[{"name":"wp","href":"https:\/\/api.w.org\/{rel}","templated":true}]}}