{"id":23194,"date":"2023-06-22T15:19:52","date_gmt":"2023-06-22T13:19:52","guid":{"rendered":"https:\/\/shop.mittgard.de\/?post_type=product&#038;p=23194"},"modified":"2025-09-30T19:23:32","modified_gmt":"2025-09-30T17:23:32","slug":"glas-kugelperle-koenigsblau","status":"publish","type":"product","link":"https:\/\/shop.mittgard.de\/?product=glas-kugelperle-koenigsblau","title":{"rendered":"Glas, Kugelperle, k\u00f6nigsblau"},"content":{"rendered":"<p>Wickelglasperle in k\u00f6nigsblau<\/p>\n<p>\u2205 0,5 cm<\/p>\n<p>sehr d\u00fcnne Bohrung, nur f\u00fcr Draht oder Angelschnur geeignet<\/p>\n<p>zum Perlensticken oder als Zwischenst\u00fccke in Ketten<\/p>\n<p>Preis pro St\u00fcck<\/p>\n<p>&nbsp;<\/p>\n","protected":false},"excerpt":{"rendered":"<p>Wickelglasperle in k\u00f6nigsblau \u2205 0,5 cm sehr d\u00fcnne Bohrung, nur f\u00fcr Draht oder Angelschnur geeignet zum Perlensticken oder als Zwischenst\u00fccke in Ketten Preis pro St\u00fcck &nbsp;<\/p>\n","protected":false},"featured_media":26066,"template":"","meta":[],"product_brand":[],"product_cat":[486,455],"product_tag":[98,820,826],"class_list":{"0":"post-23194","1":"product","2":"type-product","3":"status-publish","4":"has-post-thumbnail","6":"product_cat-perlen","7":"product_cat-schmuck","8":"product_tag-blau","9":"product_tag-crowbeads","10":"product_tag-glasperle","11":"product_shipping_class-brief","13":"first","14":"instock","15":"taxable","16":"shipping-taxable","17":"purchasable","18":"product-type-simple"},"_links":{"self":[{"href":"https:\/\/shop.mittgard.de\/index.php?rest_route=\/wp\/v2\/product\/23194","targetHints":{"allow":["GET"]}}],"collection":[{"href":"https:\/\/shop.mittgard.de\/index.php?rest_route=\/wp\/v2\/product"}],"about":[{"href":"https:\/\/shop.mittgard.de\/index.php?rest_route=\/wp\/v2\/types\/product"}],"wp:featuredmedia":[{"embeddable":true,"href":"https:\/\/shop.mittgard.de\/index.php?rest_route=\/wp\/v2\/media\/26066"}],"wp:attachment":[{"href":"https:\/\/shop.mittgard.de\/index.php?rest_route=%2Fwp%2Fv2%2Fmedia&parent=23194"}],"wp:term":[{"taxonomy":"product_brand","embeddable":true,"href":"https:\/\/shop.mittgard.de\/index.php?rest_route=%2Fwp%2Fv2%2Fproduct_brand&post=23194"},{"taxonomy":"product_cat","embeddable":true,"href":"https:\/\/shop.mittgard.de\/index.php?rest_route=%2Fwp%2Fv2%2Fproduct_cat&post=23194"},{"taxonomy":"product_tag","embeddable":true,"href":"https:\/\/shop.mittgard.de\/index.php?rest_route=%2Fwp%2Fv2%2Fproduct_tag&post=23194"}],"curies":[{"name":"wp","href":"https:\/\/api.w.org\/{rel}","templated":true}]}}