{"id":23198,"date":"2023-06-22T15:25:57","date_gmt":"2023-06-22T13:25:57","guid":{"rendered":"https:\/\/shop.mittgard.de\/?post_type=product&#038;p=23198"},"modified":"2025-09-30T19:24:08","modified_gmt":"2025-09-30T17:24:08","slug":"glas-kugelperle-wasserblau-gross","status":"publish","type":"product","link":"https:\/\/shop.mittgard.de\/?product=glas-kugelperle-wasserblau-gross","title":{"rendered":"Glas, Kugelperle, wasserblau, gro\u00df"},"content":{"rendered":"<p>Glaskugelperle, blau-gr\u00fcn schimmernd, erinnert an Wasser, teilweise angeschliffen facettiert<\/p>\n<p><span style=\"font-size: 1rem;\">\u2205 1 cm<\/span><\/p>\n<p>sehr d\u00fcnne Bohrung, nur f\u00fcr Draht oder Angelschnur geeignet<\/p>\n<p>Preis pro St\u00fcck<\/p>\n","protected":false},"excerpt":{"rendered":"<p>Glaskugelperle, blau-gr\u00fcn schimmernd, erinnert an Wasser, teilweise angeschliffen facettiert \u2205 1 cm sehr d\u00fcnne Bohrung, nur f\u00fcr Draht oder Angelschnur geeignet Preis pro St\u00fcck<\/p>\n","protected":false},"featured_media":26067,"template":"","meta":[],"product_brand":[],"product_cat":[486,455],"product_tag":[98,299,91,520],"class_list":{"0":"post-23198","1":"product","2":"type-product","3":"status-publish","4":"has-post-thumbnail","6":"product_cat-perlen","7":"product_cat-schmuck","8":"product_tag-blau","9":"product_tag-glas","10":"product_tag-gruen","11":"product_tag-wasser","12":"product_shipping_class-brief","14":"first","15":"instock","16":"taxable","17":"shipping-taxable","18":"purchasable","19":"product-type-simple"},"_links":{"self":[{"href":"https:\/\/shop.mittgard.de\/index.php?rest_route=\/wp\/v2\/product\/23198","targetHints":{"allow":["GET"]}}],"collection":[{"href":"https:\/\/shop.mittgard.de\/index.php?rest_route=\/wp\/v2\/product"}],"about":[{"href":"https:\/\/shop.mittgard.de\/index.php?rest_route=\/wp\/v2\/types\/product"}],"wp:featuredmedia":[{"embeddable":true,"href":"https:\/\/shop.mittgard.de\/index.php?rest_route=\/wp\/v2\/media\/26067"}],"wp:attachment":[{"href":"https:\/\/shop.mittgard.de\/index.php?rest_route=%2Fwp%2Fv2%2Fmedia&parent=23198"}],"wp:term":[{"taxonomy":"product_brand","embeddable":true,"href":"https:\/\/shop.mittgard.de\/index.php?rest_route=%2Fwp%2Fv2%2Fproduct_brand&post=23198"},{"taxonomy":"product_cat","embeddable":true,"href":"https:\/\/shop.mittgard.de\/index.php?rest_route=%2Fwp%2Fv2%2Fproduct_cat&post=23198"},{"taxonomy":"product_tag","embeddable":true,"href":"https:\/\/shop.mittgard.de\/index.php?rest_route=%2Fwp%2Fv2%2Fproduct_tag&post=23198"}],"curies":[{"name":"wp","href":"https:\/\/api.w.org\/{rel}","templated":true}]}}