{"id":23200,"date":"2023-06-22T15:27:58","date_gmt":"2023-06-22T13:27:58","guid":{"rendered":"https:\/\/shop.mittgard.de\/?post_type=product&#038;p=23200"},"modified":"2025-10-09T17:27:51","modified_gmt":"2025-10-09T15:27:51","slug":"koralle-rot-poliert-kugelperle","status":"publish","type":"product","link":"https:\/\/shop.mittgard.de\/?product=koralle-rot-poliert-kugelperle","title":{"rendered":"Koralle, rot, poliert, Kugelperle"},"content":{"rendered":"<p>ca. \u00d8 0,7 cm<\/p>\n<p>sehr d\u00fcnn gebohrt, nur f\u00fcr Angelschnur oder Draht geeignet<\/p>\n<p>Preis pro St\u00fcck<\/p>\n","protected":false},"excerpt":{"rendered":"<p>ca. \u00d8 0,7 cm sehr d\u00fcnn gebohrt, nur f\u00fcr Angelschnur oder Draht geeignet Preis pro St\u00fcck<\/p>\n","protected":false},"featured_media":26608,"template":"","meta":[],"product_brand":[],"product_cat":[486,455],"product_tag":[466,816,96],"class_list":{"0":"post-23200","1":"product","2":"type-product","3":"status-publish","4":"has-post-thumbnail","6":"product_cat-perlen","7":"product_cat-schmuck","8":"product_tag-koralle","9":"product_tag-kugel","10":"product_tag-rot","11":"product_shipping_class-brief","13":"first","14":"instock","15":"taxable","16":"shipping-taxable","17":"purchasable","18":"product-type-simple"},"_links":{"self":[{"href":"https:\/\/shop.mittgard.de\/index.php?rest_route=\/wp\/v2\/product\/23200","targetHints":{"allow":["GET"]}}],"collection":[{"href":"https:\/\/shop.mittgard.de\/index.php?rest_route=\/wp\/v2\/product"}],"about":[{"href":"https:\/\/shop.mittgard.de\/index.php?rest_route=\/wp\/v2\/types\/product"}],"wp:featuredmedia":[{"embeddable":true,"href":"https:\/\/shop.mittgard.de\/index.php?rest_route=\/wp\/v2\/media\/26608"}],"wp:attachment":[{"href":"https:\/\/shop.mittgard.de\/index.php?rest_route=%2Fwp%2Fv2%2Fmedia&parent=23200"}],"wp:term":[{"taxonomy":"product_brand","embeddable":true,"href":"https:\/\/shop.mittgard.de\/index.php?rest_route=%2Fwp%2Fv2%2Fproduct_brand&post=23200"},{"taxonomy":"product_cat","embeddable":true,"href":"https:\/\/shop.mittgard.de\/index.php?rest_route=%2Fwp%2Fv2%2Fproduct_cat&post=23200"},{"taxonomy":"product_tag","embeddable":true,"href":"https:\/\/shop.mittgard.de\/index.php?rest_route=%2Fwp%2Fv2%2Fproduct_tag&post=23200"}],"curies":[{"name":"wp","href":"https:\/\/api.w.org\/{rel}","templated":true}]}}