{"id":23208,"date":"2023-06-27T14:34:59","date_gmt":"2023-06-27T12:34:59","guid":{"rendered":"https:\/\/shop.mittgard.de\/?post_type=product&#038;p=23208"},"modified":"2025-09-30T17:53:34","modified_gmt":"2025-09-30T15:53:34","slug":"thorshammer-3-bronze-gross","status":"publish","type":"product","link":"https:\/\/shop.mittgard.de\/?product=thorshammer-3-bronze-gross","title":{"rendered":"Thorshammer 3 Bronze gro\u00df"},"content":{"rendered":"<p>Gr\u00f6\u00dfe 3,4 x 2,8 cm, beidseitig verziert,<\/p>\n<p>Schmuckbronze<\/p>\n<p>inklusive Lederband<\/p>\n","protected":false},"excerpt":{"rendered":"<p>Gr\u00f6\u00dfe 3,4 x 2,8 cm, beidseitig verziert, Schmuckbronze inklusive Lederband<\/p>\n","protected":false},"featured_media":26018,"template":"","meta":[],"product_brand":[],"product_cat":[455,473],"product_tag":[472,560,175,346,311],"class_list":{"0":"post-23208","1":"product","2":"type-product","3":"status-publish","4":"has-post-thumbnail","6":"product_cat-schmuck","7":"product_cat-thorshammer","8":"product_tag-bronze","9":"product_tag-fruchtbarkeit","10":"product_tag-schutz","11":"product_tag-thor","12":"product_tag-wikinger","13":"product_shipping_class-brief","15":"first","16":"onbackorder","17":"taxable","18":"shipping-taxable","19":"purchasable","20":"product-type-simple"},"_links":{"self":[{"href":"https:\/\/shop.mittgard.de\/index.php?rest_route=\/wp\/v2\/product\/23208","targetHints":{"allow":["GET"]}}],"collection":[{"href":"https:\/\/shop.mittgard.de\/index.php?rest_route=\/wp\/v2\/product"}],"about":[{"href":"https:\/\/shop.mittgard.de\/index.php?rest_route=\/wp\/v2\/types\/product"}],"wp:featuredmedia":[{"embeddable":true,"href":"https:\/\/shop.mittgard.de\/index.php?rest_route=\/wp\/v2\/media\/26018"}],"wp:attachment":[{"href":"https:\/\/shop.mittgard.de\/index.php?rest_route=%2Fwp%2Fv2%2Fmedia&parent=23208"}],"wp:term":[{"taxonomy":"product_brand","embeddable":true,"href":"https:\/\/shop.mittgard.de\/index.php?rest_route=%2Fwp%2Fv2%2Fproduct_brand&post=23208"},{"taxonomy":"product_cat","embeddable":true,"href":"https:\/\/shop.mittgard.de\/index.php?rest_route=%2Fwp%2Fv2%2Fproduct_cat&post=23208"},{"taxonomy":"product_tag","embeddable":true,"href":"https:\/\/shop.mittgard.de\/index.php?rest_route=%2Fwp%2Fv2%2Fproduct_tag&post=23208"}],"curies":[{"name":"wp","href":"https:\/\/api.w.org\/{rel}","templated":true}]}}