{"id":23211,"date":"2023-06-27T14:38:25","date_gmt":"2023-06-27T12:38:25","guid":{"rendered":"https:\/\/shop.mittgard.de\/?post_type=product&#038;p=23211"},"modified":"2025-09-30T17:58:39","modified_gmt":"2025-09-30T15:58:39","slug":"thorshammer-wolf-klein-bronze","status":"publish","type":"product","link":"https:\/\/shop.mittgard.de\/?product=thorshammer-wolf-klein-bronze","title":{"rendered":"Thorshammer Wolf klein Bronze"},"content":{"rendered":"<p>Mini Wolf-Thorshammer f\u00fcr Kinder oder die, die&#8217;s zierlicher m\u00f6gen<\/p>\n<p>Gr\u00f6\u00dfe 2 x 1,3 cm, Schmuckbronze<\/p>\n<p>inklusive Lederband<\/p>\n","protected":false},"excerpt":{"rendered":"<p>Mini Wolf-Thorshammer f\u00fcr Kinder oder die, die&#8217;s zierlicher m\u00f6gen Gr\u00f6\u00dfe 2 x 1,3 cm, Schmuckbronze inklusive Lederband<\/p>\n","protected":false},"featured_media":26023,"template":"","meta":[],"product_brand":[],"product_cat":[455,473],"product_tag":[472,560,561,175,346,442],"class_list":{"0":"post-23211","1":"product","2":"type-product","3":"status-publish","4":"has-post-thumbnail","6":"product_cat-schmuck","7":"product_cat-thorshammer","8":"product_tag-bronze","9":"product_tag-fruchtbarkeit","10":"product_tag-kraft","11":"product_tag-schutz","12":"product_tag-thor","13":"product_tag-wolf","14":"product_shipping_class-brief","16":"first","17":"onbackorder","18":"taxable","19":"shipping-taxable","20":"purchasable","21":"product-type-simple"},"_links":{"self":[{"href":"https:\/\/shop.mittgard.de\/index.php?rest_route=\/wp\/v2\/product\/23211","targetHints":{"allow":["GET"]}}],"collection":[{"href":"https:\/\/shop.mittgard.de\/index.php?rest_route=\/wp\/v2\/product"}],"about":[{"href":"https:\/\/shop.mittgard.de\/index.php?rest_route=\/wp\/v2\/types\/product"}],"wp:featuredmedia":[{"embeddable":true,"href":"https:\/\/shop.mittgard.de\/index.php?rest_route=\/wp\/v2\/media\/26023"}],"wp:attachment":[{"href":"https:\/\/shop.mittgard.de\/index.php?rest_route=%2Fwp%2Fv2%2Fmedia&parent=23211"}],"wp:term":[{"taxonomy":"product_brand","embeddable":true,"href":"https:\/\/shop.mittgard.de\/index.php?rest_route=%2Fwp%2Fv2%2Fproduct_brand&post=23211"},{"taxonomy":"product_cat","embeddable":true,"href":"https:\/\/shop.mittgard.de\/index.php?rest_route=%2Fwp%2Fv2%2Fproduct_cat&post=23211"},{"taxonomy":"product_tag","embeddable":true,"href":"https:\/\/shop.mittgard.de\/index.php?rest_route=%2Fwp%2Fv2%2Fproduct_tag&post=23211"}],"curies":[{"name":"wp","href":"https:\/\/api.w.org\/{rel}","templated":true}]}}