{"id":23250,"date":"2023-07-18T10:16:12","date_gmt":"2023-07-18T08:16:12","guid":{"rendered":"https:\/\/shop.mittgard.de\/?post_type=product&#038;p=23250"},"modified":"2025-10-09T17:30:55","modified_gmt":"2025-10-09T15:30:55","slug":"schneckenhaeuser-gruen-winzig-klein","status":"publish","type":"product","link":"https:\/\/shop.mittgard.de\/?product=schneckenhaeuser-gruen-winzig-klein","title":{"rendered":"Schneckenh\u00e4user, gr\u00fcn, winzig klein"},"content":{"rendered":"<p>diese winzigen hellgr\u00fcnen Schneckenh\u00e4user mit wei\u00dfen Sprenkeln stammen von einer Schneckenart aus dem Regenwald von Sri Lanka<\/p>\n<p>Gr\u00f6\u00dfe zwischen 0,6 &#8211; 0,8 cm<\/p>\n<p>sehr d\u00fcnne Bohrung f\u00fcr Angelschnur oder Draht, nicht f\u00fcr Lederb\u00e4nder geeignet!<\/p>\n<p>Preis pro St\u00fcck<\/p>\n","protected":false},"excerpt":{"rendered":"<p>diese winzigen hellgr\u00fcnen Schneckenh\u00e4user mit wei\u00dfen Sprenkeln stammen von einer Schneckenart aus dem Regenwald von Sri Lanka Gr\u00f6\u00dfe zwischen 0,6 &#8211; 0,8 cm sehr d\u00fcnne Bohrung f\u00fcr Angelschnur oder Draht, nicht f\u00fcr Lederb\u00e4nder geeignet! Preis pro St\u00fcck<\/p>\n","protected":false},"featured_media":26612,"template":"","meta":[],"product_brand":[],"product_cat":[486,455],"product_tag":[1165,91,243,1099],"class_list":{"0":"post-23250","1":"product","2":"type-product","3":"status-publish","4":"has-post-thumbnail","6":"product_cat-perlen","7":"product_cat-schmuck","8":"product_tag-gemustert","9":"product_tag-gruen","10":"product_tag-natur","11":"product_tag-schnecke","12":"product_shipping_class-brief","14":"first","15":"instock","16":"taxable","17":"shipping-taxable","18":"purchasable","19":"product-type-simple"},"_links":{"self":[{"href":"https:\/\/shop.mittgard.de\/index.php?rest_route=\/wp\/v2\/product\/23250","targetHints":{"allow":["GET"]}}],"collection":[{"href":"https:\/\/shop.mittgard.de\/index.php?rest_route=\/wp\/v2\/product"}],"about":[{"href":"https:\/\/shop.mittgard.de\/index.php?rest_route=\/wp\/v2\/types\/product"}],"wp:featuredmedia":[{"embeddable":true,"href":"https:\/\/shop.mittgard.de\/index.php?rest_route=\/wp\/v2\/media\/26612"}],"wp:attachment":[{"href":"https:\/\/shop.mittgard.de\/index.php?rest_route=%2Fwp%2Fv2%2Fmedia&parent=23250"}],"wp:term":[{"taxonomy":"product_brand","embeddable":true,"href":"https:\/\/shop.mittgard.de\/index.php?rest_route=%2Fwp%2Fv2%2Fproduct_brand&post=23250"},{"taxonomy":"product_cat","embeddable":true,"href":"https:\/\/shop.mittgard.de\/index.php?rest_route=%2Fwp%2Fv2%2Fproduct_cat&post=23250"},{"taxonomy":"product_tag","embeddable":true,"href":"https:\/\/shop.mittgard.de\/index.php?rest_route=%2Fwp%2Fv2%2Fproduct_tag&post=23250"}],"curies":[{"name":"wp","href":"https:\/\/api.w.org\/{rel}","templated":true}]}}