{"id":23254,"date":"2023-07-18T10:23:20","date_gmt":"2023-07-18T08:23:20","guid":{"rendered":"https:\/\/shop.mittgard.de\/?post_type=product&#038;p=23254"},"modified":"2025-10-09T17:20:41","modified_gmt":"2025-10-09T15:20:41","slug":"knochen-scheibenperle-braun-weiss-gebaendert","status":"publish","type":"product","link":"https:\/\/shop.mittgard.de\/?product=knochen-scheibenperle-braun-weiss-gebaendert","title":{"rendered":"Knochen, Scheibenperle, braun-wei\u00df  geb\u00e4ndert"},"content":{"rendered":"<p>braun, wei\u00df geb\u00e4ndert,\u00a0 \u00d8 1 cm, 0,5 cm dick<\/p>\n<p>Preis pro St\u00fcck<\/p>\n","protected":false},"excerpt":{"rendered":"<p>braun, wei\u00df geb\u00e4ndert,\u00a0 \u00d8 1 cm, 0,5 cm dick Preis pro St\u00fcck<\/p>\n","protected":false},"featured_media":26600,"template":"","meta":[],"product_brand":[],"product_cat":[486,455],"product_tag":[1441,88,458,1160],"class_list":{"0":"post-23254","1":"product","2":"type-product","3":"status-publish","4":"has-post-thumbnail","6":"product_cat-perlen","7":"product_cat-schmuck","8":"product_tag-band","9":"product_tag-braun","10":"product_tag-knochen","11":"product_tag-scheibe","12":"product_shipping_class-brief","14":"first","15":"instock","16":"taxable","17":"shipping-taxable","18":"purchasable","19":"product-type-simple"},"_links":{"self":[{"href":"https:\/\/shop.mittgard.de\/index.php?rest_route=\/wp\/v2\/product\/23254","targetHints":{"allow":["GET"]}}],"collection":[{"href":"https:\/\/shop.mittgard.de\/index.php?rest_route=\/wp\/v2\/product"}],"about":[{"href":"https:\/\/shop.mittgard.de\/index.php?rest_route=\/wp\/v2\/types\/product"}],"wp:featuredmedia":[{"embeddable":true,"href":"https:\/\/shop.mittgard.de\/index.php?rest_route=\/wp\/v2\/media\/26600"}],"wp:attachment":[{"href":"https:\/\/shop.mittgard.de\/index.php?rest_route=%2Fwp%2Fv2%2Fmedia&parent=23254"}],"wp:term":[{"taxonomy":"product_brand","embeddable":true,"href":"https:\/\/shop.mittgard.de\/index.php?rest_route=%2Fwp%2Fv2%2Fproduct_brand&post=23254"},{"taxonomy":"product_cat","embeddable":true,"href":"https:\/\/shop.mittgard.de\/index.php?rest_route=%2Fwp%2Fv2%2Fproduct_cat&post=23254"},{"taxonomy":"product_tag","embeddable":true,"href":"https:\/\/shop.mittgard.de\/index.php?rest_route=%2Fwp%2Fv2%2Fproduct_tag&post=23254"}],"curies":[{"name":"wp","href":"https:\/\/api.w.org\/{rel}","templated":true}]}}