{"id":23274,"date":"2023-07-18T10:39:00","date_gmt":"2023-07-18T08:39:00","guid":{"rendered":"https:\/\/shop.mittgard.de\/?post_type=product&#038;p=23274"},"modified":"2025-11-26T13:06:10","modified_gmt":"2025-11-26T12:06:10","slug":"horn-kegelperle-gelb","status":"publish","type":"product","link":"https:\/\/shop.mittgard.de\/?product=horn-kegelperle-gelb","title":{"rendered":"Horn, Kegelperle, gelb"},"content":{"rendered":"<p>gelb, Gr\u00f6\u00dfe 1,4 x 1,8 cm<\/p>\n<p>Preis pro St\u00fcck, nur 2 St\u00fcck lieferbar<\/p>\n","protected":false},"excerpt":{"rendered":"<p>gelb, Gr\u00f6\u00dfe 1,4 x 1,8 cm Preis pro St\u00fcck, nur 2 St\u00fcck lieferbar<\/p>\n","protected":false},"featured_media":26588,"template":"","meta":[],"product_brand":[],"product_cat":[486,455],"product_tag":[90,464,1442],"class_list":{"0":"post-23274","1":"product","2":"type-product","3":"status-publish","4":"has-post-thumbnail","6":"product_cat-perlen","7":"product_cat-schmuck","8":"product_tag-gelb","9":"product_tag-horn","10":"product_tag-kegel","11":"product_shipping_class-brief","13":"first","14":"instock","15":"taxable","16":"shipping-taxable","17":"purchasable","18":"product-type-simple"},"_links":{"self":[{"href":"https:\/\/shop.mittgard.de\/index.php?rest_route=\/wp\/v2\/product\/23274","targetHints":{"allow":["GET"]}}],"collection":[{"href":"https:\/\/shop.mittgard.de\/index.php?rest_route=\/wp\/v2\/product"}],"about":[{"href":"https:\/\/shop.mittgard.de\/index.php?rest_route=\/wp\/v2\/types\/product"}],"wp:featuredmedia":[{"embeddable":true,"href":"https:\/\/shop.mittgard.de\/index.php?rest_route=\/wp\/v2\/media\/26588"}],"wp:attachment":[{"href":"https:\/\/shop.mittgard.de\/index.php?rest_route=%2Fwp%2Fv2%2Fmedia&parent=23274"}],"wp:term":[{"taxonomy":"product_brand","embeddable":true,"href":"https:\/\/shop.mittgard.de\/index.php?rest_route=%2Fwp%2Fv2%2Fproduct_brand&post=23274"},{"taxonomy":"product_cat","embeddable":true,"href":"https:\/\/shop.mittgard.de\/index.php?rest_route=%2Fwp%2Fv2%2Fproduct_cat&post=23274"},{"taxonomy":"product_tag","embeddable":true,"href":"https:\/\/shop.mittgard.de\/index.php?rest_route=%2Fwp%2Fv2%2Fproduct_tag&post=23274"}],"curies":[{"name":"wp","href":"https:\/\/api.w.org\/{rel}","templated":true}]}}