{"id":23284,"date":"2023-07-18T10:54:23","date_gmt":"2023-07-18T08:54:23","guid":{"rendered":"https:\/\/shop.mittgard.de\/?post_type=product&#038;p=23284"},"modified":"2025-09-30T19:29:01","modified_gmt":"2025-09-30T17:29:01","slug":"glas-scheibchen-gruen","status":"publish","type":"product","link":"https:\/\/shop.mittgard.de\/?product=glas-scheibchen-gruen","title":{"rendered":"Glas, Scheibchen, gr\u00fcn"},"content":{"rendered":"<p>kleine Glas-Scheibchen in verschiedenen Gr\u00fcnt\u00f6nen, Wickelglasperle<\/p>\n<p><span style=\"font-size: 1rem;\">\u2205 0,3 cm &#8211; 0,4 cm\u00a0<\/span><\/p>\n<p>sehr kleine Bohrung, nicht f\u00fcr Lederb\u00e4nder geeignet<\/p>\n<p>Preis pro St\u00fcck<\/p>\n","protected":false},"excerpt":{"rendered":"<p>kleine Glas-Scheibchen in verschiedenen Gr\u00fcnt\u00f6nen, Wickelglasperle \u2205 0,3 cm &#8211; 0,4 cm\u00a0 sehr kleine Bohrung, nicht f\u00fcr Lederb\u00e4nder geeignet Preis pro St\u00fcck<\/p>\n","protected":false},"featured_media":26072,"template":"","meta":[],"product_brand":[],"product_cat":[486,455],"product_tag":[299,91,815],"class_list":{"0":"post-23284","1":"product","2":"type-product","3":"status-publish","4":"has-post-thumbnail","6":"product_cat-perlen","7":"product_cat-schmuck","8":"product_tag-glas","9":"product_tag-gruen","10":"product_tag-scheibchen","11":"product_shipping_class-brief","13":"first","14":"instock","15":"taxable","16":"shipping-taxable","17":"purchasable","18":"product-type-simple"},"_links":{"self":[{"href":"https:\/\/shop.mittgard.de\/index.php?rest_route=\/wp\/v2\/product\/23284","targetHints":{"allow":["GET"]}}],"collection":[{"href":"https:\/\/shop.mittgard.de\/index.php?rest_route=\/wp\/v2\/product"}],"about":[{"href":"https:\/\/shop.mittgard.de\/index.php?rest_route=\/wp\/v2\/types\/product"}],"wp:featuredmedia":[{"embeddable":true,"href":"https:\/\/shop.mittgard.de\/index.php?rest_route=\/wp\/v2\/media\/26072"}],"wp:attachment":[{"href":"https:\/\/shop.mittgard.de\/index.php?rest_route=%2Fwp%2Fv2%2Fmedia&parent=23284"}],"wp:term":[{"taxonomy":"product_brand","embeddable":true,"href":"https:\/\/shop.mittgard.de\/index.php?rest_route=%2Fwp%2Fv2%2Fproduct_brand&post=23284"},{"taxonomy":"product_cat","embeddable":true,"href":"https:\/\/shop.mittgard.de\/index.php?rest_route=%2Fwp%2Fv2%2Fproduct_cat&post=23284"},{"taxonomy":"product_tag","embeddable":true,"href":"https:\/\/shop.mittgard.de\/index.php?rest_route=%2Fwp%2Fv2%2Fproduct_tag&post=23284"}],"curies":[{"name":"wp","href":"https:\/\/api.w.org\/{rel}","templated":true}]}}