{"id":23286,"date":"2023-07-18T10:57:54","date_gmt":"2023-07-18T08:57:54","guid":{"rendered":"https:\/\/shop.mittgard.de\/?post_type=product&#038;p=23286"},"modified":"2025-09-30T19:28:19","modified_gmt":"2025-09-30T17:28:19","slug":"glas-scheibchen-gelb","status":"publish","type":"product","link":"https:\/\/shop.mittgard.de\/?product=glas-scheibchen-gelb","title":{"rendered":"Glas, Scheibchen, gelb"},"content":{"rendered":"<p>kleine Glas-Scheibchen , gelb, Wickelglasperle<\/p>\n<p><span style=\"font-size: 1rem;\">\u2205 0,5 cm, 0,4 cm dick<\/span><\/p>\n<p>sehr kleine Bohrung, nicht f\u00fcr Lederb\u00e4nder geeignet<\/p>\n<p>Preis pro St\u00fcck<\/p>\n","protected":false},"excerpt":{"rendered":"<p>kleine Glas-Scheibchen , gelb, Wickelglasperle \u2205 0,5 cm, 0,4 cm dick sehr kleine Bohrung, nicht f\u00fcr Lederb\u00e4nder geeignet Preis pro St\u00fcck<\/p>\n","protected":false},"featured_media":26071,"template":"","meta":[],"product_brand":[],"product_cat":[486,455],"product_tag":[90,299,815],"class_list":{"0":"post-23286","1":"product","2":"type-product","3":"status-publish","4":"has-post-thumbnail","6":"product_cat-perlen","7":"product_cat-schmuck","8":"product_tag-gelb","9":"product_tag-glas","10":"product_tag-scheibchen","11":"product_shipping_class-brief","13":"first","14":"instock","15":"taxable","16":"shipping-taxable","17":"purchasable","18":"product-type-simple"},"_links":{"self":[{"href":"https:\/\/shop.mittgard.de\/index.php?rest_route=\/wp\/v2\/product\/23286","targetHints":{"allow":["GET"]}}],"collection":[{"href":"https:\/\/shop.mittgard.de\/index.php?rest_route=\/wp\/v2\/product"}],"about":[{"href":"https:\/\/shop.mittgard.de\/index.php?rest_route=\/wp\/v2\/types\/product"}],"wp:featuredmedia":[{"embeddable":true,"href":"https:\/\/shop.mittgard.de\/index.php?rest_route=\/wp\/v2\/media\/26071"}],"wp:attachment":[{"href":"https:\/\/shop.mittgard.de\/index.php?rest_route=%2Fwp%2Fv2%2Fmedia&parent=23286"}],"wp:term":[{"taxonomy":"product_brand","embeddable":true,"href":"https:\/\/shop.mittgard.de\/index.php?rest_route=%2Fwp%2Fv2%2Fproduct_brand&post=23286"},{"taxonomy":"product_cat","embeddable":true,"href":"https:\/\/shop.mittgard.de\/index.php?rest_route=%2Fwp%2Fv2%2Fproduct_cat&post=23286"},{"taxonomy":"product_tag","embeddable":true,"href":"https:\/\/shop.mittgard.de\/index.php?rest_route=%2Fwp%2Fv2%2Fproduct_tag&post=23286"}],"curies":[{"name":"wp","href":"https:\/\/api.w.org\/{rel}","templated":true}]}}