{"id":2329,"date":"2018-06-22T15:38:34","date_gmt":"2018-06-22T13:38:34","guid":{"rendered":"http:\/\/shop.mittgard.de\/?product=import-placeholder-for-2000"},"modified":"2024-12-15T11:07:27","modified_gmt":"2024-12-15T10:07:27","slug":"aichwalder-hausschlachten","status":"publish","type":"product","link":"https:\/\/shop.mittgard.de\/?product=aichwalder-hausschlachten","title":{"rendered":"Aichwalder &#8222;Hausschlachten&#8220;"},"content":{"rendered":"<p>Zerteilen &#8211; Verarbeiten &#8211; Vermarkten<\/p>\n<p>In diesem Buch werden, erg\u00e4nzt durch informative Abbildungen, die erforderlichen Arbeitsvorg\u00e4nge &#8211; vom Schlachten der Tiere \u00fcber das Zerteilen des Schlachtk\u00f6rpers und die richtige Verwendung der einzelnen Fleischteile in der K\u00fcche bis hin zu deren Verarbeitung und Vermarktung &#8211; detailliert dargestellt. Ein weiterer Schwerpunkt ist der ausf\u00fchrliche Rezeptteil, der das Haltbarmachen des Fleisches sowohl in Form von Streich-, Koch- und Rohw\u00fcrsten als auch von verschiedenen Selch- und P\u00f6kelwaren beschreibt.<\/p>\n<p>Das Buch gibt \u00fcberdies einen \u00dcberblick \u00fcber wirtschaftliche und hygienische Aspekte sowie \u00fcber die Vermarktung von Fleisch und Fleischdauerwaren.<\/p>\n<p>Aus dem Inhalt:<\/p>\n<p>&#8211; Die Bedeutung von Fleisch f\u00fcr die menschliche Ern\u00e4hrung<br \/>\n&#8211; Was m\u00fcssen Erzeuger und Vermarkter wissen<br \/>\n&#8211; R\u00e4ume und Zubeh\u00f6r f\u00fcr Schlachtung, Verarbeitung und Lagerung<br \/>\n&#8211; Das Schlachten und Zerteilen der Tiere<br \/>\n&#8211; Fleisch und dessen Verwendung in der K\u00fcche<br \/>\n&#8211; Fleischteile einzelner Tierarten<br \/>\n&#8211; Haltbarmachen von Fleisch<br \/>\n&#8211; Herstellung von Dauerwaren<br \/>\n&#8211; Hygiene<br \/>\n&#8211; Sicherheitsvorkehrungen vor Unf\u00e4llen<br \/>\n&#8211; Planung und Wirtschaftlichkeit<br \/>\n&#8211; Vermarktung von Fleisch und Dauerwaren<\/p>\n<p>Gebundene Ausgabe, 176 Seiten<\/p>\n","protected":false},"excerpt":{"rendered":"<p>Br<\/p>\n","protected":false},"featured_media":9581,"template":"","meta":[],"product_brand":[],"product_cat":[186,185],"product_tag":[221,222,220],"class_list":{"0":"post-2329","1":"product","2":"type-product","3":"status-publish","4":"has-post-thumbnail","6":"product_cat-alternativ-leben","7":"product_cat-literatur","8":"product_tag-dorfleben","9":"product_tag-fleisch","10":"product_tag-selbstversorger","11":"product_shipping_class-paket","13":"first","14":"onbackorder","15":"taxable","16":"shipping-taxable","17":"purchasable","18":"product-type-simple"},"_links":{"self":[{"href":"https:\/\/shop.mittgard.de\/index.php?rest_route=\/wp\/v2\/product\/2329","targetHints":{"allow":["GET"]}}],"collection":[{"href":"https:\/\/shop.mittgard.de\/index.php?rest_route=\/wp\/v2\/product"}],"about":[{"href":"https:\/\/shop.mittgard.de\/index.php?rest_route=\/wp\/v2\/types\/product"}],"wp:featuredmedia":[{"embeddable":true,"href":"https:\/\/shop.mittgard.de\/index.php?rest_route=\/wp\/v2\/media\/9581"}],"wp:attachment":[{"href":"https:\/\/shop.mittgard.de\/index.php?rest_route=%2Fwp%2Fv2%2Fmedia&parent=2329"}],"wp:term":[{"taxonomy":"product_brand","embeddable":true,"href":"https:\/\/shop.mittgard.de\/index.php?rest_route=%2Fwp%2Fv2%2Fproduct_brand&post=2329"},{"taxonomy":"product_cat","embeddable":true,"href":"https:\/\/shop.mittgard.de\/index.php?rest_route=%2Fwp%2Fv2%2Fproduct_cat&post=2329"},{"taxonomy":"product_tag","embeddable":true,"href":"https:\/\/shop.mittgard.de\/index.php?rest_route=%2Fwp%2Fv2%2Fproduct_tag&post=2329"}],"curies":[{"name":"wp","href":"https:\/\/api.w.org\/{rel}","templated":true}]}}