{"id":23290,"date":"2023-07-18T11:04:03","date_gmt":"2023-07-18T09:04:03","guid":{"rendered":"https:\/\/shop.mittgard.de\/?post_type=product&#038;p=23290"},"modified":"2025-11-26T13:05:19","modified_gmt":"2025-11-26T12:05:19","slug":"glas-walzenperle-geschliffen-gruen-braun","status":"publish","type":"product","link":"https:\/\/shop.mittgard.de\/?product=glas-walzenperle-geschliffen-gruen-braun","title":{"rendered":"Glas, Walzenperle, geschliffen, gr\u00fcn-braun"},"content":{"rendered":"<p>Glaswalzenperle, <span style=\"font-size: 1rem;\">gr\u00fcn-braun<\/span><span style=\"font-size: 1rem;\"> schimmernd, erinnert an den Regenwald, teilweise angeschliffen facettiert<\/span><\/p>\n<p><span style=\"font-size: 1rem;\">\u2205 1 cm, 1,7 cm lang<\/span><\/p>\n<p>sehr d\u00fcnne Bohrung, nur f\u00fcr Draht oder Angelschnur geeignet<\/p>\n<p>Preis pro St\u00fcck, nur noch 2 St\u00fcck lieferbar!<\/p>\n","protected":false},"excerpt":{"rendered":"<p>Glaswalzenperle, gr\u00fcn-braun schimmernd, erinnert an den Regenwald, teilweise angeschliffen facettiert \u2205 1 cm, 1,7 cm lang sehr d\u00fcnne Bohrung, nur f\u00fcr Draht oder Angelschnur geeignet Preis pro St\u00fcck, nur noch 2 St\u00fcck lieferbar!<\/p>\n","protected":false},"featured_media":26585,"template":"","meta":[],"product_brand":[],"product_cat":[486,455],"product_tag":[88,299,91,1443],"class_list":{"0":"post-23290","1":"product","2":"type-product","3":"status-publish","4":"has-post-thumbnail","6":"product_cat-perlen","7":"product_cat-schmuck","8":"product_tag-braun","9":"product_tag-glas","10":"product_tag-gruen","11":"product_tag-regenwald","12":"product_shipping_class-brief","14":"first","15":"instock","16":"taxable","17":"shipping-taxable","18":"purchasable","19":"product-type-simple"},"_links":{"self":[{"href":"https:\/\/shop.mittgard.de\/index.php?rest_route=\/wp\/v2\/product\/23290","targetHints":{"allow":["GET"]}}],"collection":[{"href":"https:\/\/shop.mittgard.de\/index.php?rest_route=\/wp\/v2\/product"}],"about":[{"href":"https:\/\/shop.mittgard.de\/index.php?rest_route=\/wp\/v2\/types\/product"}],"wp:featuredmedia":[{"embeddable":true,"href":"https:\/\/shop.mittgard.de\/index.php?rest_route=\/wp\/v2\/media\/26585"}],"wp:attachment":[{"href":"https:\/\/shop.mittgard.de\/index.php?rest_route=%2Fwp%2Fv2%2Fmedia&parent=23290"}],"wp:term":[{"taxonomy":"product_brand","embeddable":true,"href":"https:\/\/shop.mittgard.de\/index.php?rest_route=%2Fwp%2Fv2%2Fproduct_brand&post=23290"},{"taxonomy":"product_cat","embeddable":true,"href":"https:\/\/shop.mittgard.de\/index.php?rest_route=%2Fwp%2Fv2%2Fproduct_cat&post=23290"},{"taxonomy":"product_tag","embeddable":true,"href":"https:\/\/shop.mittgard.de\/index.php?rest_route=%2Fwp%2Fv2%2Fproduct_tag&post=23290"}],"curies":[{"name":"wp","href":"https:\/\/api.w.org\/{rel}","templated":true}]}}