{"id":2335,"date":"2018-06-22T15:38:35","date_gmt":"2018-06-22T13:38:35","guid":{"rendered":"http:\/\/shop.mittgard.de\/?product=import-placeholder-for-2006"},"modified":"2026-04-06T13:51:47","modified_gmt":"2026-04-06T11:51:47","slug":"bilau-kurt-windmuehlenbau-einst-und-jetzt","status":"publish","type":"product","link":"https:\/\/shop.mittgard.de\/?product=bilau-kurt-windmuehlenbau-einst-und-jetzt","title":{"rendered":"Bilau, Kurt &#8222;Windm\u00fchlenbau &#8211; einst und jetzt&#8220;"},"content":{"rendered":"<p>Eines der letzten Windm\u00fchlenb\u00fccher zeigt Historie, Technik, Praxis und Ausblick auf die Zukunft der Windm\u00fcllerei, Reprint von 1941<\/p>\n<p>Dieses Buch wurde im Jahre 1933 vom bekannten Windkraftexperten Kurt Bilau verfasst.<\/p>\n<p>In leicht verst\u00e4ndlicher Sprache fasst der Autor die Geschichte der Windm\u00fchlen zusammen, und geht insbesondere auf die &#8211; damaligen neuesten &#8211; Erkenntnisse f\u00fcr die Verbesserungen der Windm\u00fchlen ein. Insbesondere die Fl\u00fcgelform und Aerodynamik der Rotorbl\u00e4tter sind durch die Forschungen von Kurt Bilau entscheidend verbessert worden. Der Autor zeigt hier, wie man durch Ver\u00e4nderung der M\u00fchlenkonstruktionen ein mehrfaches an produktiver Leistung erhalten kann.<\/p>\n<p>In den 1930er Jahren wurde versucht, die M\u00fchlen durch neue technische Konstruktionen \u00bbaufzur\u00fcsten\u00ab, um gegen Elektro- und Verbrennungsmotor konkurrenzf\u00e4hig bleiben zu k\u00f6nnen.<\/p>\n<p>Gerade f\u00fcr M\u00fchlenfreunde und Sammler von technischer Literatur auf diesem Gebiet ist dieses &#8211; sehr selten gewordene &#8211; Buch eine wertvolle Fundgrube. Keine Bauanleitung f\u00fcr Windm\u00fchlen, sondern mehr eine Wissenserweiterung in Sachen Windkraft und ihrer geschichtlichen Entwicklung.<\/p>\n<p>&#8211; Geschichte der M\u00fchlen (LaCour, Vielfl\u00fcgler, horizontale R\u00e4der)<br \/>\n&#8211; Gr\u00fcnde f\u00fcr das M\u00fchlensterben<br \/>\n&#8211; Wind- oder Motorm\u00fchle &#8211; Kostenvergleiche<br \/>\n&#8211; Der Wind (Geschwindigkeiten, H\u00e4ufigkeit, Gleichf\u00f6rmigkeit, St\u00fcrme usw.)<br \/>\n&#8211; M\u00fchlenaerodynamik<br \/>\n&#8211; Str\u00f6mungslehre<br \/>\n&#8211; Str\u00f6mungsforschung rettet die Windm\u00fchlen<br \/>\n&#8211; Das M\u00fchlenhaus (Vordrehung, Lager, Getriebe)<br \/>\n&#8211; Rotorm\u00fchlen<br \/>\n&#8211; M\u00fchlen f\u00fcr die Wasserf\u00f6rderung<br \/>\n&#8211; Elektrizit\u00e4tserzeugung durch Windkraft (der \u00bbElektrom\u00fcller\u00ab)<br \/>\n&#8211; Holz oder Metall f\u00fcr den Windm\u00fchlenbau?<\/p>\n<p>Kurt Bilau, das Original erschien im Verlag der Wochenschrift \u00bbDie M\u00fchle\u00ab, Reprint der Ausgabe von 1941<\/p>\n<p>Broschiert, 72 Seiten<\/p>\n","protected":false},"excerpt":{"rendered":"<p>Br<\/p>\n","protected":false},"featured_media":10008,"template":"","meta":[],"product_brand":[],"product_cat":[186,185],"product_tag":[],"class_list":{"0":"post-2335","1":"product","2":"type-product","3":"status-publish","4":"has-post-thumbnail","6":"product_cat-alternativ-leben","7":"product_cat-literatur","8":"product_shipping_class-paket","10":"first","11":"instock","12":"taxable","13":"shipping-taxable","14":"purchasable","15":"product-type-simple"},"_links":{"self":[{"href":"https:\/\/shop.mittgard.de\/index.php?rest_route=\/wp\/v2\/product\/2335","targetHints":{"allow":["GET"]}}],"collection":[{"href":"https:\/\/shop.mittgard.de\/index.php?rest_route=\/wp\/v2\/product"}],"about":[{"href":"https:\/\/shop.mittgard.de\/index.php?rest_route=\/wp\/v2\/types\/product"}],"wp:featuredmedia":[{"embeddable":true,"href":"https:\/\/shop.mittgard.de\/index.php?rest_route=\/wp\/v2\/media\/10008"}],"wp:attachment":[{"href":"https:\/\/shop.mittgard.de\/index.php?rest_route=%2Fwp%2Fv2%2Fmedia&parent=2335"}],"wp:term":[{"taxonomy":"product_brand","embeddable":true,"href":"https:\/\/shop.mittgard.de\/index.php?rest_route=%2Fwp%2Fv2%2Fproduct_brand&post=2335"},{"taxonomy":"product_cat","embeddable":true,"href":"https:\/\/shop.mittgard.de\/index.php?rest_route=%2Fwp%2Fv2%2Fproduct_cat&post=2335"},{"taxonomy":"product_tag","embeddable":true,"href":"https:\/\/shop.mittgard.de\/index.php?rest_route=%2Fwp%2Fv2%2Fproduct_tag&post=2335"}],"curies":[{"name":"wp","href":"https:\/\/api.w.org\/{rel}","templated":true}]}}