{"id":2336,"date":"2018-06-22T15:38:35","date_gmt":"2018-06-22T13:38:35","guid":{"rendered":"http:\/\/shop.mittgard.de\/?product=import-placeholder-for-2007"},"modified":"2024-12-15T11:27:21","modified_gmt":"2024-12-15T10:27:21","slug":"braeutigam-brigitte-feine-seifen-badeoele-selbst-gemacht","status":"publish","type":"product","link":"https:\/\/shop.mittgard.de\/?product=braeutigam-brigitte-feine-seifen-badeoele-selbst-gemacht","title":{"rendered":"Br\u00e4utigam, Brigitte &#8222;Feine Seifen &#038; Bade\u00f6le selbst gemacht&#8220;"},"content":{"rendered":"<p>G\u00f6nne Sie sich den Luxus handgemachter feiner Naturseifen und wohltuender Badekosmetik &#8211; dieses Buch zeigt Ihnen, wie Sie Ihre Pflegeprodukte mit Spa\u00df und Erfolg selbst herstellen k\u00f6nnen! Sachkundig, detailliert und auch f\u00fcr Einsteiger leicht verst\u00e4ndlich f\u00fchrt die Autorin Brigitte Br\u00e4utigam in die faszinierende Kunst des Seifesiedens ein, gibt Tipps zur richtigen Auswahl und Dosierung der verwendeten Rohstoffe und pr\u00e4sentiert zahlreiche kreative Rezeptideen. Die Vielfalt reicht von hautschonenden Bl\u00fcten-, Kr\u00e4uter- und Honigseifen bis zu verf\u00fchrerisch duftenden Bade\u00f6len und entspannenden bunten Schaumb\u00e4dern.<\/p>\n<p>Gebundene Ausgabe, 160 Seiten<\/p>\n","protected":false},"excerpt":{"rendered":"<p>Geb<\/p>\n","protected":false},"featured_media":4961,"template":"","meta":[],"product_brand":[],"product_cat":[186,185],"product_tag":[226,229],"class_list":{"0":"post-2336","1":"product","2":"type-product","3":"status-publish","4":"has-post-thumbnail","6":"product_cat-alternativ-leben","7":"product_cat-literatur","8":"product_tag-basteln","9":"product_tag-koerperpflege","10":"product_shipping_class-paket","12":"first","13":"onbackorder","14":"taxable","15":"shipping-taxable","16":"purchasable","17":"product-type-simple"},"_links":{"self":[{"href":"https:\/\/shop.mittgard.de\/index.php?rest_route=\/wp\/v2\/product\/2336","targetHints":{"allow":["GET"]}}],"collection":[{"href":"https:\/\/shop.mittgard.de\/index.php?rest_route=\/wp\/v2\/product"}],"about":[{"href":"https:\/\/shop.mittgard.de\/index.php?rest_route=\/wp\/v2\/types\/product"}],"wp:featuredmedia":[{"embeddable":true,"href":"https:\/\/shop.mittgard.de\/index.php?rest_route=\/wp\/v2\/media\/4961"}],"wp:attachment":[{"href":"https:\/\/shop.mittgard.de\/index.php?rest_route=%2Fwp%2Fv2%2Fmedia&parent=2336"}],"wp:term":[{"taxonomy":"product_brand","embeddable":true,"href":"https:\/\/shop.mittgard.de\/index.php?rest_route=%2Fwp%2Fv2%2Fproduct_brand&post=2336"},{"taxonomy":"product_cat","embeddable":true,"href":"https:\/\/shop.mittgard.de\/index.php?rest_route=%2Fwp%2Fv2%2Fproduct_cat&post=2336"},{"taxonomy":"product_tag","embeddable":true,"href":"https:\/\/shop.mittgard.de\/index.php?rest_route=%2Fwp%2Fv2%2Fproduct_tag&post=2336"}],"curies":[{"name":"wp","href":"https:\/\/api.w.org\/{rel}","templated":true}]}}