{"id":23454,"date":"2023-09-22T15:50:32","date_gmt":"2023-09-22T13:50:32","guid":{"rendered":"https:\/\/shop.mittgard.de\/?post_type=product&#038;p=23454"},"modified":"2025-10-09T16:31:57","modified_gmt":"2025-10-09T14:31:57","slug":"ritter-claudia-hildegard-von-bingen","status":"publish","type":"product","link":"https:\/\/shop.mittgard.de\/?product=ritter-claudia-hildegard-von-bingen","title":{"rendered":"Ritter, Claudia &#8222;Hildegard von Bingen&#8220;"},"content":{"rendered":"<p>Heilpflanzen, Ern\u00e4hrung und Heilkunde<\/p>\n<p>Hildegard von Bingen, \u00c4btissin und Universalgelehrte, widmete sich im 12. Jahrhundert der Naturheilkunde, Ern\u00e4hrung und der Verwendung von Heil- und W\u00fcrzpflanzen. Sie gilt als erste deutsche \u00c4rztin, Naturwissenschaftlerin und Apothekerin. Ihr Verst\u00e4ndnis \u00fcber die Natur fasziniert und findet noch heute gro\u00dfes Interesse. Die Autorin Claudia Ritter erl\u00e4utert in diesem Buch drei Schwerpunkte der Hildegard-Medizin:<\/p>\n<p><strong>Heilpflanzen<\/strong> &#8211; von Akelei bis Zitwer<\/p>\n<ul>\n<li>Rund 60 Heilpflanzen in\u00a0 \u00fcbersichtlichen Portr\u00e4ts<\/li>\n<li>Pflanzenbeschreibungen<\/li>\n<li>Anwendungen zur Zeit Hildegards und heute<\/li>\n<li>Hinweise zu Gegenanzeigen und Risiken<\/li>\n<li>Rezepte zum Nachmachen<\/li>\n<\/ul>\n<p><strong>Ern\u00e4hrung<\/strong><\/p>\n<p>Hildegards Fasten- und Ern\u00e4hrungsempfehlungen sind pragmatisch, unkompliziert und sie war ihrer Zeit weit voraus. Mit ihren einfachen Anweisungen unterst\u00fctzt sie die Behandlung von Erkrankungen, die wir heute als &#8222;Wohlstandskrankheiten&#8220; oder &#8222;Zivilisationskrankheiten&#8220; bezeichnen und die sich auf Ern\u00e4hrungsfehler und modernen Lebensstil zur\u00fcckf\u00fchren lassen. Bluthochdruck, \u00dcbergewicht, Diabetes, Herz-Kreislauf-Erkrankungen und einige Krebsarten z\u00e4hlen dazu.<\/p>\n<p><strong>Heilkunde<\/strong><\/p>\n<p>Die Medizin der Hildegard von Bingen beinhaltet Behandlungsmethoden, die ein ganzheitliches Therapiekonzept ergeben. Ausleitungs- und Entgiftungsma\u00dfnahmen, W\u00e4rme- und Wasseranwendungen wie B\u00e4der, Schwitzbad, Packungen &#8211; also Auflagen &#8211; oder Massagen geh\u00f6ren ebenfalls dazu.<\/p>\n<p>Gebundene Ausgabe, 288 Seiten<\/p>\n","protected":false},"excerpt":{"rendered":"<p>Geb<\/p>\n","protected":false},"featured_media":26545,"template":"","meta":[],"product_brand":[],"product_cat":[185,201],"product_tag":[1469,1470,1325,1471,1112],"class_list":{"0":"post-23454","1":"product","2":"type-product","3":"status-publish","4":"has-post-thumbnail","6":"product_cat-literatur","7":"product_cat-naturheilkunde-kraeuterwissen","8":"product_tag-ernaehrung","9":"product_tag-fasten","10":"product_tag-hildegard-von-bingen","11":"product_tag-klostermedizin","12":"product_tag-naturheilkunde","13":"product_shipping_class-paket","15":"first","16":"onbackorder","17":"taxable","18":"shipping-taxable","19":"purchasable","20":"product-type-simple"},"_links":{"self":[{"href":"https:\/\/shop.mittgard.de\/index.php?rest_route=\/wp\/v2\/product\/23454","targetHints":{"allow":["GET"]}}],"collection":[{"href":"https:\/\/shop.mittgard.de\/index.php?rest_route=\/wp\/v2\/product"}],"about":[{"href":"https:\/\/shop.mittgard.de\/index.php?rest_route=\/wp\/v2\/types\/product"}],"wp:featuredmedia":[{"embeddable":true,"href":"https:\/\/shop.mittgard.de\/index.php?rest_route=\/wp\/v2\/media\/26545"}],"wp:attachment":[{"href":"https:\/\/shop.mittgard.de\/index.php?rest_route=%2Fwp%2Fv2%2Fmedia&parent=23454"}],"wp:term":[{"taxonomy":"product_brand","embeddable":true,"href":"https:\/\/shop.mittgard.de\/index.php?rest_route=%2Fwp%2Fv2%2Fproduct_brand&post=23454"},{"taxonomy":"product_cat","embeddable":true,"href":"https:\/\/shop.mittgard.de\/index.php?rest_route=%2Fwp%2Fv2%2Fproduct_cat&post=23454"},{"taxonomy":"product_tag","embeddable":true,"href":"https:\/\/shop.mittgard.de\/index.php?rest_route=%2Fwp%2Fv2%2Fproduct_tag&post=23454"}],"curies":[{"name":"wp","href":"https:\/\/api.w.org\/{rel}","templated":true}]}}