{"id":23459,"date":"2023-09-22T16:04:40","date_gmt":"2023-09-22T14:04:40","guid":{"rendered":"https:\/\/shop.mittgard.de\/?post_type=product&#038;p=23459"},"modified":"2026-04-06T13:24:39","modified_gmt":"2026-04-06T11:24:39","slug":"nock-judy-ann-die-magie-der-kraeuter","status":"publish","type":"product","link":"https:\/\/shop.mittgard.de\/?product=nock-judy-ann-die-magie-der-kraeuter","title":{"rendered":"Nock, Judy Ann &#8222;Die Magie der Kr\u00e4uter&#8220;"},"content":{"rendered":"<p>Entdecke die verborgenen Kr\u00e4fte der Kr\u00e4uter<\/p>\n<p>Kr\u00e4uter werden seit Tausenden von Jahren f\u00fcr ihre magischen Eigenschaften geehrt, unabh\u00e4ngig davon, ob sie bei der Heilung helfen oder in das Gebet einflie\u00dfen. In diesem Buch finden Sie Informationen zu hundert der m\u00e4chtigsten Kr\u00e4uter sowie Informationen zu deren Verwendung in Ihrer magischen Praxis.<\/p>\n<p>Verst\u00e4rken Sie Ihre Rituale, indem Sie eine Kr\u00e4uterkrone aus Lorbeer, Salbei und Bohnenkraut schwenken. Stellen Sie einen Liebestrank mit Orangenbl\u00fcten und Muskatellersalbei zusammen, um die Vertrautheit zu f\u00f6rdern. Sch\u00fctzen Sie Ihr Zuhause, indem Sie einen handgefertigten Kr\u00e4uterbesen aus Beifu\u00df und Rosmarin an Ihre Haust\u00fcr h\u00e4ngen. Lesen Sie in marokkanischen Teebl\u00e4ttern, um zu sehen, was Sie in Sachen Geld und Verm\u00f6gen erwartet. Entdecken Sie pflanzliche Anwendungen zur Unterst\u00fctzung Ihrer Gesundheit und Ihres Wohlbefindens sowie nachhaltige und verantwortungsvolle Methoden zur Pflege Ihres eigenen magischen Kr\u00e4utergartens.<\/p>\n<p>Mit dem Wissen in diesem Buch st\u00e4rken Sie Ihr Handwerk, indem Sie sich tiefer mit sich selbst, anderen lebenden Energien und dem Geist der Erde verbinden.<\/p>\n<p>Gebundene Ausgabe, 256 Seiten<\/p>\n","protected":false},"excerpt":{"rendered":"<p>Geb<\/p>\n","protected":false},"featured_media":26473,"template":"","meta":[],"product_brand":[],"product_cat":[195,185,198,201],"product_tag":[320,1472,382,557],"class_list":{"0":"post-23459","1":"product","2":"type-product","3":"status-publish","4":"has-post-thumbnail","6":"product_cat-hexentum-schamanismus","7":"product_cat-literatur","8":"product_cat-magie","9":"product_cat-naturheilkunde-kraeuterwissen","10":"product_tag-hexen","11":"product_tag-kraeutermagie","12":"product_tag-rituale","13":"product_tag-zauberei","14":"product_shipping_class-paket","16":"first","17":"onbackorder","18":"taxable","19":"shipping-taxable","20":"purchasable","21":"product-type-simple"},"_links":{"self":[{"href":"https:\/\/shop.mittgard.de\/index.php?rest_route=\/wp\/v2\/product\/23459","targetHints":{"allow":["GET"]}}],"collection":[{"href":"https:\/\/shop.mittgard.de\/index.php?rest_route=\/wp\/v2\/product"}],"about":[{"href":"https:\/\/shop.mittgard.de\/index.php?rest_route=\/wp\/v2\/types\/product"}],"wp:featuredmedia":[{"embeddable":true,"href":"https:\/\/shop.mittgard.de\/index.php?rest_route=\/wp\/v2\/media\/26473"}],"wp:attachment":[{"href":"https:\/\/shop.mittgard.de\/index.php?rest_route=%2Fwp%2Fv2%2Fmedia&parent=23459"}],"wp:term":[{"taxonomy":"product_brand","embeddable":true,"href":"https:\/\/shop.mittgard.de\/index.php?rest_route=%2Fwp%2Fv2%2Fproduct_brand&post=23459"},{"taxonomy":"product_cat","embeddable":true,"href":"https:\/\/shop.mittgard.de\/index.php?rest_route=%2Fwp%2Fv2%2Fproduct_cat&post=23459"},{"taxonomy":"product_tag","embeddable":true,"href":"https:\/\/shop.mittgard.de\/index.php?rest_route=%2Fwp%2Fv2%2Fproduct_tag&post=23459"}],"curies":[{"name":"wp","href":"https:\/\/api.w.org\/{rel}","templated":true}]}}