{"id":23474,"date":"2023-09-22T16:29:29","date_gmt":"2023-09-22T14:29:29","guid":{"rendered":"https:\/\/shop.mittgard.de\/?post_type=product&#038;p=23474"},"modified":"2025-10-08T18:53:52","modified_gmt":"2025-10-08T16:53:52","slug":"magin-ulrich-megalithen-in-deutschland","status":"publish","type":"product","link":"https:\/\/shop.mittgard.de\/?product=magin-ulrich-megalithen-in-deutschland","title":{"rendered":"Magin, Ulrich &#8222;Megalithen in Deutschland&#8220;"},"content":{"rendered":"<p>R\u00e4tselhafte Gro\u00dfsteingr\u00e4ber, Hinkelsteine und Steinkreise<\/p>\n<p>Von Aurich bis R\u00fcgen, von der Saar bis Forchheim in Bayern &#8211; die Gro\u00dfsteinbauten sind die \u00e4ltesten Zeugen unserer Vergangenheit. Die fr\u00fchesten H\u00fcnengr\u00e4ber entstanden ein Jahrtausend vor den \u00e4gyptischen Pyramiden. Wenig wei\u00df man \u00fcber ihre Bedeutung, obwohl viele Grab- oder Kultorte waren. Das Buch erz\u00e4hlt, wann und wie in Deutschland und in Mitteleuropa zum ersten Mal riesige Steine aufgerichtet wurden und wie die Antike, das Mittelalter und die Neuzeit diese Monumente deuteten und f\u00fcr eigene Zwecke nutzten. Es zeigt aber auch, wie die Idee, Denkm\u00e4ler aus Felsbrocken aufzut\u00fcrmen, bis in die heutige Zeit \u00fcberlebt hat.<\/p>\n<p>Ulrich Magin schreibt \u00fcber Sagen und Legenden sowie \u00fcber geheimnisvolle Aspekte von Kulturgeschichte und Arch\u00e4ologie. Bei Nikol erschienen von ihm &#8222;Keltische Kultpl\u00e4tze in Deutschland&#8220; und &#8222;Runen&#8220;.<\/p>\n<p>Gebundene Ausgabe, 208 Seiten<\/p>\n","protected":false},"excerpt":{"rendered":"<p>Geb<\/p>\n","protected":false},"featured_media":26298,"template":"","meta":[],"product_brand":[],"product_cat":[187,189,185],"product_tag":[1478,1475,1477,1474,1476],"class_list":{"0":"post-23474","1":"product","2":"type-product","3":"status-publish","4":"has-post-thumbnail","6":"product_cat-alternativ-reisen","7":"product_cat-archaeologie","8":"product_cat-literatur","9":"product_tag-dolmen","10":"product_tag-grosssteingraeber","11":"product_tag-hinkelsteine","12":"product_tag-huenengraeber","13":"product_tag-steinkreise","14":"product_shipping_class-paket","16":"first","17":"onbackorder","18":"taxable","19":"shipping-taxable","20":"purchasable","21":"product-type-simple"},"_links":{"self":[{"href":"https:\/\/shop.mittgard.de\/index.php?rest_route=\/wp\/v2\/product\/23474","targetHints":{"allow":["GET"]}}],"collection":[{"href":"https:\/\/shop.mittgard.de\/index.php?rest_route=\/wp\/v2\/product"}],"about":[{"href":"https:\/\/shop.mittgard.de\/index.php?rest_route=\/wp\/v2\/types\/product"}],"wp:featuredmedia":[{"embeddable":true,"href":"https:\/\/shop.mittgard.de\/index.php?rest_route=\/wp\/v2\/media\/26298"}],"wp:attachment":[{"href":"https:\/\/shop.mittgard.de\/index.php?rest_route=%2Fwp%2Fv2%2Fmedia&parent=23474"}],"wp:term":[{"taxonomy":"product_brand","embeddable":true,"href":"https:\/\/shop.mittgard.de\/index.php?rest_route=%2Fwp%2Fv2%2Fproduct_brand&post=23474"},{"taxonomy":"product_cat","embeddable":true,"href":"https:\/\/shop.mittgard.de\/index.php?rest_route=%2Fwp%2Fv2%2Fproduct_cat&post=23474"},{"taxonomy":"product_tag","embeddable":true,"href":"https:\/\/shop.mittgard.de\/index.php?rest_route=%2Fwp%2Fv2%2Fproduct_tag&post=23474"}],"curies":[{"name":"wp","href":"https:\/\/api.w.org\/{rel}","templated":true}]}}