{"id":23479,"date":"2023-09-22T16:37:54","date_gmt":"2023-09-22T14:37:54","guid":{"rendered":"https:\/\/shop.mittgard.de\/?post_type=product&#038;p=23479"},"modified":"2026-01-17T10:45:26","modified_gmt":"2026-01-17T09:45:26","slug":"magin-ulrich-keltische-kultplaetze-in-deutschland","status":"publish","type":"product","link":"https:\/\/shop.mittgard.de\/?product=magin-ulrich-keltische-kultplaetze-in-deutschland","title":{"rendered":"Magin, Ulrich &#8222;Keltische Kultpl\u00e4tze in Deutschland&#8220;"},"content":{"rendered":"<p>Geschichte und Mythos einer r\u00e4tselhaften Kultur<\/p>\n<p>Die Geschichte der &#8222;Kelten&#8220; in Deutschland w\u00e4hrte \u00fcber 1000 Jahre und deren Kultur und Mythos fasziniert uns heute noch. Ulrich Magin pr\u00e4sentiert in seinem Buch heilige Orte in Deutschland, an denen Kelten zu ihren G\u00f6ttern beteten oder Opfer darbrachten. Er stellt Grabh\u00fcgel, Schanzen und Tempel vor, die den Kelten oftmals als Kultpl\u00e4tze dienten und gibt dar\u00fcber hinaus einen \u00dcberblick \u00fcber Geschichte, Kultur und Mythos der Kelten.<\/p>\n<p>Gebundene Ausgabe, 200 Seiten<\/p>\n","protected":false},"excerpt":{"rendered":"<p>Geb<\/p>\n","protected":false},"featured_media":26294,"template":"","meta":[],"product_brand":[],"product_cat":[187,192,194,185],"product_tag":[313,1479,1480],"class_list":{"0":"post-23479","1":"product","2":"type-product","3":"status-publish","4":"has-post-thumbnail","6":"product_cat-alternativ-reisen","7":"product_cat-geschichte","8":"product_cat-kelten","9":"product_cat-literatur","10":"product_tag-kelten","11":"product_tag-kultplaetze","12":"product_tag-viereckschanzen","13":"product_shipping_class-paket","15":"first","16":"onbackorder","17":"taxable","18":"shipping-taxable","19":"purchasable","20":"product-type-simple"},"_links":{"self":[{"href":"https:\/\/shop.mittgard.de\/index.php?rest_route=\/wp\/v2\/product\/23479","targetHints":{"allow":["GET"]}}],"collection":[{"href":"https:\/\/shop.mittgard.de\/index.php?rest_route=\/wp\/v2\/product"}],"about":[{"href":"https:\/\/shop.mittgard.de\/index.php?rest_route=\/wp\/v2\/types\/product"}],"wp:featuredmedia":[{"embeddable":true,"href":"https:\/\/shop.mittgard.de\/index.php?rest_route=\/wp\/v2\/media\/26294"}],"wp:attachment":[{"href":"https:\/\/shop.mittgard.de\/index.php?rest_route=%2Fwp%2Fv2%2Fmedia&parent=23479"}],"wp:term":[{"taxonomy":"product_brand","embeddable":true,"href":"https:\/\/shop.mittgard.de\/index.php?rest_route=%2Fwp%2Fv2%2Fproduct_brand&post=23479"},{"taxonomy":"product_cat","embeddable":true,"href":"https:\/\/shop.mittgard.de\/index.php?rest_route=%2Fwp%2Fv2%2Fproduct_cat&post=23479"},{"taxonomy":"product_tag","embeddable":true,"href":"https:\/\/shop.mittgard.de\/index.php?rest_route=%2Fwp%2Fv2%2Fproduct_tag&post=23479"}],"curies":[{"name":"wp","href":"https:\/\/api.w.org\/{rel}","templated":true}]}}