{"id":23484,"date":"2023-09-22T16:53:12","date_gmt":"2023-09-22T14:53:12","guid":{"rendered":"https:\/\/shop.mittgard.de\/?post_type=product&#038;p=23484"},"modified":"2026-02-23T10:02:38","modified_gmt":"2026-02-23T09:02:38","slug":"hauptmann-ralph-herrscher-der-eisenzeit","status":"publish","type":"product","link":"https:\/\/shop.mittgard.de\/?product=hauptmann-ralph-herrscher-der-eisenzeit","title":{"rendered":"Hauptmann, Ralph &#8222;Herrscher der Eisenzeit&#8220;"},"content":{"rendered":"<p>Die Kelten &#8211; auf den Spuren einer geheimnisvollen Kultur<\/p>\n<p>Sie sind geheimnisumwittert wie kaum ein anderes europ\u00e4isches Volk: die Kelten. Von ihren antiken Nachbarn wurden sie erst als gesch\u00e4ftst\u00fcchtige H\u00e4ndler und Kunsthandwerker gesch\u00e4tzt, sp\u00e4ter als Barbaren gef\u00fcrchtet. Ihren Priestern und Druiden wurden Weisheit und magische F\u00e4higkeiten zugesprochen.<\/p>\n<p>H\u00f6chst anschaulich und historisch genau recherchiert l\u00e4sst Ralph Hauptmann uns in die Welt der Kelten eintauchen: wie sie lebten und arbeiteten, ihre religi\u00f6sen Kulte, ihre kriegerischen Auseinandersetzungen sowie ihren Untergang. In bildhaft erz\u00e4hlten Szenen l\u00e4sst er das keltische Leben vor unseren Augen neu auferstehen.<\/p>\n<p>Gebundene Ausgabe, 544 Seiten<\/p>\n","protected":false},"excerpt":{"rendered":"<p>Geb<\/p>\n","protected":false},"featured_media":26417,"template":"","meta":[],"product_brand":[],"product_cat":[192,194,185],"product_tag":[1481,313],"class_list":{"0":"post-23484","1":"product","2":"type-product","3":"status-publish","4":"has-post-thumbnail","6":"product_cat-geschichte","7":"product_cat-kelten","8":"product_cat-literatur","9":"product_tag-eisenzeit","10":"product_tag-kelten","11":"product_shipping_class-paket","13":"first","14":"onbackorder","15":"taxable","16":"shipping-taxable","17":"purchasable","18":"product-type-simple"},"_links":{"self":[{"href":"https:\/\/shop.mittgard.de\/index.php?rest_route=\/wp\/v2\/product\/23484","targetHints":{"allow":["GET"]}}],"collection":[{"href":"https:\/\/shop.mittgard.de\/index.php?rest_route=\/wp\/v2\/product"}],"about":[{"href":"https:\/\/shop.mittgard.de\/index.php?rest_route=\/wp\/v2\/types\/product"}],"wp:featuredmedia":[{"embeddable":true,"href":"https:\/\/shop.mittgard.de\/index.php?rest_route=\/wp\/v2\/media\/26417"}],"wp:attachment":[{"href":"https:\/\/shop.mittgard.de\/index.php?rest_route=%2Fwp%2Fv2%2Fmedia&parent=23484"}],"wp:term":[{"taxonomy":"product_brand","embeddable":true,"href":"https:\/\/shop.mittgard.de\/index.php?rest_route=%2Fwp%2Fv2%2Fproduct_brand&post=23484"},{"taxonomy":"product_cat","embeddable":true,"href":"https:\/\/shop.mittgard.de\/index.php?rest_route=%2Fwp%2Fv2%2Fproduct_cat&post=23484"},{"taxonomy":"product_tag","embeddable":true,"href":"https:\/\/shop.mittgard.de\/index.php?rest_route=%2Fwp%2Fv2%2Fproduct_tag&post=23484"}],"curies":[{"name":"wp","href":"https:\/\/api.w.org\/{rel}","templated":true}]}}