{"id":23499,"date":"2023-09-22T17:38:06","date_gmt":"2023-09-22T15:38:06","guid":{"rendered":"https:\/\/shop.mittgard.de\/?post_type=product&#038;p=23499"},"modified":"2026-01-14T15:09:16","modified_gmt":"2026-01-14T14:09:16","slug":"simrock-karl-die-edda","status":"publish","type":"product","link":"https:\/\/shop.mittgard.de\/?product=simrock-karl-die-edda","title":{"rendered":"Simrock, Karl &#8222;Die Edda&#8220;"},"content":{"rendered":"<p>Nordische G\u00f6tter- &amp; Heldensagen<\/p>\n<p>Die \u00e4ltere und j\u00fcngere Edda\u00a0 und die mythischen Erz\u00e4hlungen der Skalda<\/p>\n<p>Liederedda und Snorra-Edda bilden zusammen unsere wichtigste Quelle f\u00fcr die altnordische Mythologie. Dabei darf die eine nicht ohne die andere gebraucht und gelesen werden.<\/p>\n<p>In der Liederedda sind G\u00f6tter- und Heldensagen vereinigt, die zum Teil bis in das 9. Jahrhundert zur\u00fcckgehen. Sie schildern sagenhafte Begebenheiten aus Island, Norwegen und Gr\u00f6nland zur sogenannten Wikingerzeit.<\/p>\n<p>Die j\u00fcngere Edda war urspr\u00fcnglich ein Lehrbuch f\u00fcr junge S\u00e4nger, Skalden, mit denen sie die Grundlagen ihrer Kunst lernen sollten. Durch ihre Beispiele aus zeitgen\u00f6ssischen und alten Liedern bildet sie heute eine unsch\u00e4tzbare Fundgrube f\u00fcr die in Deutschland damals l\u00e4ngst verdr\u00e4ngte nordisch-germanische Mythologie.<\/p>\n<p>Gebundene Ausgabe, 464 Seiten<\/p>\n","protected":false},"excerpt":{"rendered":"<p>Geb<\/p>\n","protected":false},"featured_media":26405,"template":"","meta":[],"product_brand":[],"product_cat":[193,185],"product_tag":[348,351,1487,530,358,1486,1485,1484],"class_list":{"0":"post-23499","1":"product","2":"type-product","3":"status-publish","4":"has-post-thumbnail","6":"product_cat-germanen","7":"product_cat-literatur","8":"product_tag-edda","9":"product_tag-goetter","10":"product_tag-heldensagen","11":"product_tag-nibelungen","12":"product_tag-odin","13":"product_tag-runenlieder","14":"product_tag-simrock","15":"product_tag-snorri","16":"product_shipping_class-paket","18":"first","19":"instock","20":"taxable","21":"shipping-taxable","22":"purchasable","23":"product-type-simple"},"_links":{"self":[{"href":"https:\/\/shop.mittgard.de\/index.php?rest_route=\/wp\/v2\/product\/23499","targetHints":{"allow":["GET"]}}],"collection":[{"href":"https:\/\/shop.mittgard.de\/index.php?rest_route=\/wp\/v2\/product"}],"about":[{"href":"https:\/\/shop.mittgard.de\/index.php?rest_route=\/wp\/v2\/types\/product"}],"wp:featuredmedia":[{"embeddable":true,"href":"https:\/\/shop.mittgard.de\/index.php?rest_route=\/wp\/v2\/media\/26405"}],"wp:attachment":[{"href":"https:\/\/shop.mittgard.de\/index.php?rest_route=%2Fwp%2Fv2%2Fmedia&parent=23499"}],"wp:term":[{"taxonomy":"product_brand","embeddable":true,"href":"https:\/\/shop.mittgard.de\/index.php?rest_route=%2Fwp%2Fv2%2Fproduct_brand&post=23499"},{"taxonomy":"product_cat","embeddable":true,"href":"https:\/\/shop.mittgard.de\/index.php?rest_route=%2Fwp%2Fv2%2Fproduct_cat&post=23499"},{"taxonomy":"product_tag","embeddable":true,"href":"https:\/\/shop.mittgard.de\/index.php?rest_route=%2Fwp%2Fv2%2Fproduct_tag&post=23499"}],"curies":[{"name":"wp","href":"https:\/\/api.w.org\/{rel}","templated":true}]}}