{"id":2350,"date":"2018-06-22T15:38:37","date_gmt":"2018-06-22T13:38:37","guid":{"rendered":"http:\/\/shop.mittgard.de\/?product=import-placeholder-for-2021"},"modified":"2024-12-15T11:39:54","modified_gmt":"2024-12-15T10:39:54","slug":"eberle-scott-das-lied-der-dunklen-goettin","status":"publish","type":"product","link":"https:\/\/shop.mittgard.de\/?product=eberle-scott-das-lied-der-dunklen-goettin","title":{"rendered":"Eberle, Scott &#8222;Das Lied der dunklen G\u00f6ttin&#8220;"},"content":{"rendered":"<p>Sterben k\u00f6nnen, hei\u00dft Leben lernen. Grundlagen der Hospizarbeit und der initiatischen Wildnisarbeit<\/p>\n<p>Scott Eberle begleitete als Arzt, Sch\u00fcler und Freund von Steven Foster diesen in den letzten Tagen und Minuten seines Lebens. Er schildert uns in ergreifender Poesie wie auch \u00e4rztlicher Sachlichkeit den \u00dcbergang, die letzte Initiation dieses bedeutenden Visionssuche-Mentors und Wildnis-Philosophen.<\/p>\n<p>Das Buch gew\u00e4hrt uns einen Einblick in die Biografie Fosters, eine beeindruckend ehrliche R\u00fcckschau auf sein Leben, der offener und authentischer kaum sein k\u00f6nnte. Die beiden lassen uns teilhaben am gewaltigen Ringen des Menschen mit Leben und Tod, sprechen \u00fcber die letzten Dinge, \u00fcber Verwandlung und Schwellengang und \u00fcber das gro\u00dfe Mysterium, im Tod den Lehrmeister des Lebens zu erkennen.<\/p>\n<p>Eberle f\u00fchrt die Grundlagen der Hospizarbeit und der initiatorischen Wildnisarbeit zusammen und zeigt, wie sehr diese sich gegenseitig bedingen.<\/p>\n<p>Er l\u00e4sst uns wissen: Wer richtig leben will, muss das Sterben lernen! Ein Buch f\u00fcr jeden Sterblichen: seine Tiefe lotet die unsere aus, seine Weisheit \u00f6ffnet&#8230;<\/p>\n<p>Aus dem Inhalt:<\/p>\n<ul>\n<li>Die Stra\u00dfe der Entscheidung<\/li>\n<li>Die Todesh\u00fctte<\/li>\n<li>Der Bestimmungskreis<\/li>\n<li>Der gro\u00dfe Ballspielplatz<\/li>\n<li>Der letzte \u00dcbergang<\/li>\n<li>weiterf\u00fchrende Informationen: (ethisches) Testament, Patientenverf\u00fcgung, (alternative) Bestattungsformen, Hospizarbeit, Vergebung, Erinnerungsk\u00e4stchen, Wildnisarbeit<\/li>\n<\/ul>\n<p>Gebundene Ausgabe, 208 Seiten<\/p>\n<p>&nbsp;<\/p>\n","protected":false},"excerpt":{"rendered":"<p>HC<\/p>\n","protected":false},"featured_media":11024,"template":"","meta":[],"product_brand":[],"product_cat":[186,185],"product_tag":[224,1192,225,223,1193,1191,510],"class_list":{"0":"post-2350","1":"product","2":"type-product","3":"status-publish","4":"has-post-thumbnail","6":"product_cat-alternativ-leben","7":"product_cat-literatur","8":"product_tag-heidentum","9":"product_tag-hospiz","10":"product_tag-jahreskreis","11":"product_tag-naturreligion","12":"product_tag-sterbebegleitung","13":"product_tag-sterben","14":"product_tag-tod","15":"product_shipping_class-paket","17":"first","18":"onbackorder","19":"taxable","20":"shipping-taxable","21":"purchasable","22":"product-type-simple"},"_links":{"self":[{"href":"https:\/\/shop.mittgard.de\/index.php?rest_route=\/wp\/v2\/product\/2350","targetHints":{"allow":["GET"]}}],"collection":[{"href":"https:\/\/shop.mittgard.de\/index.php?rest_route=\/wp\/v2\/product"}],"about":[{"href":"https:\/\/shop.mittgard.de\/index.php?rest_route=\/wp\/v2\/types\/product"}],"wp:featuredmedia":[{"embeddable":true,"href":"https:\/\/shop.mittgard.de\/index.php?rest_route=\/wp\/v2\/media\/11024"}],"wp:attachment":[{"href":"https:\/\/shop.mittgard.de\/index.php?rest_route=%2Fwp%2Fv2%2Fmedia&parent=2350"}],"wp:term":[{"taxonomy":"product_brand","embeddable":true,"href":"https:\/\/shop.mittgard.de\/index.php?rest_route=%2Fwp%2Fv2%2Fproduct_brand&post=2350"},{"taxonomy":"product_cat","embeddable":true,"href":"https:\/\/shop.mittgard.de\/index.php?rest_route=%2Fwp%2Fv2%2Fproduct_cat&post=2350"},{"taxonomy":"product_tag","embeddable":true,"href":"https:\/\/shop.mittgard.de\/index.php?rest_route=%2Fwp%2Fv2%2Fproduct_tag&post=2350"}],"curies":[{"name":"wp","href":"https:\/\/api.w.org\/{rel}","templated":true}]}}