{"id":23508,"date":"2023-09-22T17:48:48","date_gmt":"2023-09-22T15:48:48","guid":{"rendered":"https:\/\/shop.mittgard.de\/?post_type=product&#038;p=23508"},"modified":"2025-10-09T14:43:02","modified_gmt":"2025-10-09T12:43:02","slug":"dahn-felix-therese-germanische-goetter-und-heldensagen-2","status":"publish","type":"product","link":"https:\/\/shop.mittgard.de\/?product=dahn-felix-therese-germanische-goetter-und-heldensagen-2","title":{"rendered":"Dahn, Felix &#038; Therese &#8222;Germanische G\u00f6tter- und Heldensagen&#8220;"},"content":{"rendered":"<p>Felix und Therese Dahn bieten im vorliegenden Band einen umfassenden Einblick in die germanische und nordische Sagenwelt.<\/p>\n<p>Im ersten Teil &#8222;G\u00f6ttersagen&#8220;werden die Grundanschauungen der G\u00f6tterwelt sowie einzelne G\u00f6tter wie Odin, Thor und Loki vorgestellt.<\/p>\n<p>Anschlie\u00dfend pr\u00e4sentiert Therese Dahn die bekanntesten Heldensagen, von den W\u00f6lsungen \u00fcber Beowulf bis zu den Nibelungen.<\/p>\n<p>Mit Illustrationen von Johannes Gehrts.<\/p>\n<p>Gebundene Ausgabe, 622 Seiten<\/p>\n<p>&nbsp;<\/p>\n","protected":false},"excerpt":{"rendered":"<p>Geb<\/p>\n","protected":false},"featured_media":26392,"template":"","meta":[],"product_brand":[],"product_cat":[193,185],"product_tag":[318,348,336,337,305],"class_list":{"0":"post-23508","1":"product","2":"type-product","3":"status-publish","4":"has-post-thumbnail","6":"product_cat-germanen","7":"product_cat-literatur","8":"product_tag-asatru","9":"product_tag-edda","10":"product_tag-germanen","11":"product_tag-mythen","12":"product_tag-sagen","13":"product_shipping_class-paket","15":"first","16":"onbackorder","17":"taxable","18":"shipping-taxable","19":"purchasable","20":"product-type-simple"},"_links":{"self":[{"href":"https:\/\/shop.mittgard.de\/index.php?rest_route=\/wp\/v2\/product\/23508","targetHints":{"allow":["GET"]}}],"collection":[{"href":"https:\/\/shop.mittgard.de\/index.php?rest_route=\/wp\/v2\/product"}],"about":[{"href":"https:\/\/shop.mittgard.de\/index.php?rest_route=\/wp\/v2\/types\/product"}],"wp:featuredmedia":[{"embeddable":true,"href":"https:\/\/shop.mittgard.de\/index.php?rest_route=\/wp\/v2\/media\/26392"}],"wp:attachment":[{"href":"https:\/\/shop.mittgard.de\/index.php?rest_route=%2Fwp%2Fv2%2Fmedia&parent=23508"}],"wp:term":[{"taxonomy":"product_brand","embeddable":true,"href":"https:\/\/shop.mittgard.de\/index.php?rest_route=%2Fwp%2Fv2%2Fproduct_brand&post=23508"},{"taxonomy":"product_cat","embeddable":true,"href":"https:\/\/shop.mittgard.de\/index.php?rest_route=%2Fwp%2Fv2%2Fproduct_cat&post=23508"},{"taxonomy":"product_tag","embeddable":true,"href":"https:\/\/shop.mittgard.de\/index.php?rest_route=%2Fwp%2Fv2%2Fproduct_tag&post=23508"}],"curies":[{"name":"wp","href":"https:\/\/api.w.org\/{rel}","templated":true}]}}