{"id":23513,"date":"2023-09-22T18:05:45","date_gmt":"2023-09-22T16:05:45","guid":{"rendered":"https:\/\/shop.mittgard.de\/?post_type=product&#038;p=23513"},"modified":"2026-02-23T10:02:09","modified_gmt":"2026-02-23T09:02:09","slug":"cunningham-scott-magie-mit-kristallen-edelsteinen-und-metallen","status":"publish","type":"product","link":"https:\/\/shop.mittgard.de\/?product=cunningham-scott-magie-mit-kristallen-edelsteinen-und-metallen","title":{"rendered":"Cunningham, Scott &#8222;Magie mit Kristallen, Edelsteinen und Metallen&#8220;"},"content":{"rendered":"<p>Das gro\u00dfe Lexikon und Praxisbuch<\/p>\n<p>Welche Geheimnisse birgt der am Strand liegende, vom Wasser glatt geschliffene Kieselstein? Welche verborgenen Energien pulsieren im Inneren des Edelsteins an Ihrem Finger, der Juwelen um Ihren Hals? K\u00f6nnten gar die Steine, \u00fcber die Sie hinweggehen, eine Liebe in Ihr Leben bringen oder Ihnen in finanzieller Hinsicht helfen? Finden Sie die Antworten auf diese und andere Fragen selbst heraus.<\/p>\n<ul>\n<li>\u00dcber 100 magische Steine und Metalle von A bis Z, jeweils mit farbiger Abbildung.<\/li>\n<li>Mit genauer Zuordnung der jeweiligen Energien, Planeten, Elemente und Gottheiten<\/li>\n<li>Alles \u00fcber die symbolische Bedeutung von Formen und Farben<\/li>\n<li>Praktische, nachvollziehbare Beschreibungen des magischen Gebrauchs<\/li>\n<li>6 \u00dcbersichtstabellen: So findet man zuverl\u00e4ssig genau den Stein, den man f\u00fcr einen bestimmten magischen Zweck braucht<\/li>\n<\/ul>\n<p>Gebundene Ausgabe, 304 Seiten<\/p>\n<p>&nbsp;<\/p>\n","protected":false},"excerpt":{"rendered":"<p>Geb<\/p>\n","protected":false},"featured_media":26449,"template":"","meta":[],"product_brand":[],"product_cat":[195,185,198,205],"product_tag":[541,1488,376,1489,382,321,557],"class_list":{"0":"post-23513","1":"product","2":"type-product","3":"status-publish","4":"has-post-thumbnail","6":"product_cat-hexentum-schamanismus","7":"product_cat-literatur","8":"product_cat-magie","9":"product_cat-steinheilkunde","10":"product_tag-edelsteine","11":"product_tag-kristalle","12":"product_tag-magie","13":"product_tag-metalle","14":"product_tag-rituale","15":"product_tag-wicca","16":"product_tag-zauberei","17":"product_shipping_class-paket","19":"first","20":"onbackorder","21":"taxable","22":"shipping-taxable","23":"purchasable","24":"product-type-simple"},"_links":{"self":[{"href":"https:\/\/shop.mittgard.de\/index.php?rest_route=\/wp\/v2\/product\/23513","targetHints":{"allow":["GET"]}}],"collection":[{"href":"https:\/\/shop.mittgard.de\/index.php?rest_route=\/wp\/v2\/product"}],"about":[{"href":"https:\/\/shop.mittgard.de\/index.php?rest_route=\/wp\/v2\/types\/product"}],"wp:featuredmedia":[{"embeddable":true,"href":"https:\/\/shop.mittgard.de\/index.php?rest_route=\/wp\/v2\/media\/26449"}],"wp:attachment":[{"href":"https:\/\/shop.mittgard.de\/index.php?rest_route=%2Fwp%2Fv2%2Fmedia&parent=23513"}],"wp:term":[{"taxonomy":"product_brand","embeddable":true,"href":"https:\/\/shop.mittgard.de\/index.php?rest_route=%2Fwp%2Fv2%2Fproduct_brand&post=23513"},{"taxonomy":"product_cat","embeddable":true,"href":"https:\/\/shop.mittgard.de\/index.php?rest_route=%2Fwp%2Fv2%2Fproduct_cat&post=23513"},{"taxonomy":"product_tag","embeddable":true,"href":"https:\/\/shop.mittgard.de\/index.php?rest_route=%2Fwp%2Fv2%2Fproduct_tag&post=23513"}],"curies":[{"name":"wp","href":"https:\/\/api.w.org\/{rel}","templated":true}]}}