{"id":23563,"date":"2023-10-13T11:04:12","date_gmt":"2023-10-13T09:04:12","guid":{"rendered":"https:\/\/shop.mittgard.de\/?post_type=product&#038;p=23563"},"modified":"2025-12-05T09:47:30","modified_gmt":"2025-12-05T08:47:30","slug":"lueckewerth-thomas-totenschiff-und-schlangensaal","status":"publish","type":"product","link":"https:\/\/shop.mittgard.de\/?product=lueckewerth-thomas-totenschiff-und-schlangensaal","title":{"rendered":"L\u00fcckewerth, Thomas &#8222;Totenschiff und Schlangensaal&#8220;"},"content":{"rendered":"<p>Eine Reise zu den Kultst\u00e4tten der Bronze- und Eisenzeit Nordeuropas<\/p>\n<p><em>Totenschiff und Schlangensaal<\/em> entf\u00fchrt den Leser auf eine faszinierende Reise zu den religi\u00f6sen St\u00e4tten und Praktiken der nordgermanischen V\u00f6lker: von Norddeutschland \u00fcber D\u00e4nemark nach Schweden, von Norwegen nach Island. Der Autor erkundet die unterschiedlichen Ausdricksformen der Kulthandlungen und Kultst\u00e4tten &#8211; von den bronzezeitlichen Fruchtbarkeitskulten und ihren Felsbildern bis hin zu den gotl\u00e4ndischen Bildsteinen der Wikingerzeit, die das letzte Aufbl\u00fchen der heidnischen Kultur des Nordens markieren.<\/p>\n<p>Knapp einhundertvierzig herausragende St\u00e4tten und Relikte des religi\u00f6sen und kultischen Lebens des Nordens werden in Wort und mit \u00fcber dreihundertf\u00fcnfzig Bildern vorgestellt. Alle beschriebenen Orte wurden vom Autoren auf dutzenden Exkursionen in den letzten zwei Jahrzehnten selbst besucht, fotografiert und mit neuesten arch\u00e4ologischen und historischen Erkenntnissen versehen. \u00dcber einen Zeitraum von dreitausend Jahren &#8211; von der Bronzezeit bis zum Ende der Eisenzeit &#8211; reichen die vielf\u00e4ltigen religi\u00f6sen Ausdrucksformen; darunter Felsritzungen, Schiffssetzungen, Runensteine, Bildsteine, H\u00fcgelgr\u00e4ber, Steinkreise, Bautasteine, h\u00f6lzerne Tempel und Kulth\u00f6fe, G\u00f6tteridole, Opferseen, heilige Quellen und Haine, Labyrinthe und Kultwege.<\/p>\n<p><em>Totenschiff und Schlangensaal<\/em> ist jedoch weit mehr als nur ein Reise- oder Kultplatzf\u00fchrer: Das Buch verkn\u00fcpft geschickt historische Anekdoten mit einer breiten Palette verschiedenster religi\u00f6ser Ph\u00e4nomene. Dar\u00fcber hinaus wagt es eigene Deutungen, die stets transparent als solche gekennzeichnet sind. Um das Eintauchen in die religi\u00f6se und kultische Welt des Nordens zu vervollst\u00e4ndigen, widmet sich L\u00fcckewerth ausf\u00fchrlich der nordischen G\u00f6tterwelt, Sagen und Mythen, l\u00e4sst die Chronisten unterschiedlichster Kulturen und V\u00f6lkern zu Wort kommen und legt dabei gr\u00f6\u00dften Wert auf die notwendige Quellenkritik.<\/p>\n<p>Wer das <em>Totenschiff und Schlangensaal betritt, <\/em>der begegnet dem Odin mit seinem ein\u00e4ugigen Blick auf dem Thron von Lejre, der Schlangenhexe auf dem Bildstein von Gotland, dem schamanischen Vogelmann auf den Felsritzungen von Kalls\u00e4ngen, der G\u00f6ttertriade des Kistengrabs Sanda, der Nachtfahrt der Sonne in zahlreichen Felsritzungen an Schwedens und Norwegens K\u00fcste und ungez\u00e4hlten weiteren Symbolen und Gestalten der prachtvollen und unvergleichlichen Mythenwelt des Nordens.<\/p>\n<p>Hardcover, 296 Seiten<\/p>\n","protected":false},"excerpt":{"rendered":"<p>HC<\/p>\n","protected":false},"featured_media":26103,"template":"","meta":[],"product_brand":[],"product_cat":[187,189,193,185],"product_tag":[785,549,1481,1495,772,1494,357,1479,750,382,394,1476,311],"class_list":{"0":"post-23563","1":"product","2":"type-product","3":"status-publish","4":"has-post-thumbnail","6":"product_cat-alternativ-reisen","7":"product_cat-archaeologie","8":"product_cat-germanen","9":"product_cat-literatur","10":"product_tag-bronzezeit","11":"product_tag-daenemark","12":"product_tag-eisenzeit","13":"product_tag-felsritzungen","14":"product_tag-gotland","15":"product_tag-huegelgraeber","16":"product_tag-island","17":"product_tag-kultplaetze","18":"product_tag-norwegen","19":"product_tag-rituale","20":"product_tag-schweden","21":"product_tag-steinkreise","22":"product_tag-wikinger","23":"product_shipping_class-paket","25":"first","26":"instock","27":"taxable","28":"shipping-taxable","29":"purchasable","30":"product-type-simple"},"_links":{"self":[{"href":"https:\/\/shop.mittgard.de\/index.php?rest_route=\/wp\/v2\/product\/23563","targetHints":{"allow":["GET"]}}],"collection":[{"href":"https:\/\/shop.mittgard.de\/index.php?rest_route=\/wp\/v2\/product"}],"about":[{"href":"https:\/\/shop.mittgard.de\/index.php?rest_route=\/wp\/v2\/types\/product"}],"wp:featuredmedia":[{"embeddable":true,"href":"https:\/\/shop.mittgard.de\/index.php?rest_route=\/wp\/v2\/media\/26103"}],"wp:attachment":[{"href":"https:\/\/shop.mittgard.de\/index.php?rest_route=%2Fwp%2Fv2%2Fmedia&parent=23563"}],"wp:term":[{"taxonomy":"product_brand","embeddable":true,"href":"https:\/\/shop.mittgard.de\/index.php?rest_route=%2Fwp%2Fv2%2Fproduct_brand&post=23563"},{"taxonomy":"product_cat","embeddable":true,"href":"https:\/\/shop.mittgard.de\/index.php?rest_route=%2Fwp%2Fv2%2Fproduct_cat&post=23563"},{"taxonomy":"product_tag","embeddable":true,"href":"https:\/\/shop.mittgard.de\/index.php?rest_route=%2Fwp%2Fv2%2Fproduct_tag&post=23563"}],"curies":[{"name":"wp","href":"https:\/\/api.w.org\/{rel}","templated":true}]}}