{"id":23573,"date":"2023-10-19T13:27:37","date_gmt":"2023-10-19T11:27:37","guid":{"rendered":"https:\/\/shop.mittgard.de\/?post_type=product&#038;p=23573"},"modified":"2026-04-06T13:23:43","modified_gmt":"2026-04-06T11:23:43","slug":"haerkoetter-hexenkraeuter","status":"publish","type":"product","link":"https:\/\/shop.mittgard.de\/?product=haerkoetter-hexenkraeuter","title":{"rendered":"Haerk\u00f6tter &#8222;Hexenkr\u00e4uter&#8220;"},"content":{"rendered":"<p>Alte Heilpflanzen und ihre Kr\u00e4fte<\/p>\n<p>Fr\u00fcher wurden sie als Hexen verteufelt: Kr\u00e4uterkundige, die mit den Wikrungsweisen verschiedener Pflanzen vertraut waren. Trotz Hexenverfolgung konnte dieses wertvolle Wissen bis heute bewahrt werden. Dieses Buch verkn\u00fcpft historische, botanische und medizinische Fakten. Es erz\u00e4hlt nicht nur von Hexen und Mythen, sondern liefert auch einen ausf\u00fchrlichen Katalog aller relevanten Pflanzen, die in vornaturwissenschaftler Zeit verwendet wurden &#8211; sei es zum Kochen, Heilen oder als Aphrodisiakum -, und stellt Sammelhinweise und Anwendungsm\u00f6glichkeiten bereit.<\/p>\n<p>Broschierte Ausgabe, 320 Seiten<\/p>\n","protected":false},"excerpt":{"rendered":"<p>Br<\/p>\n","protected":false},"featured_media":26457,"template":"","meta":[],"product_brand":[],"product_cat":[195,185,201],"product_tag":[1497,320,366,1112,1496],"class_list":{"0":"post-23573","1":"product","2":"type-product","3":"status-publish","4":"has-post-thumbnail","6":"product_cat-hexentum-schamanismus","7":"product_cat-literatur","8":"product_cat-naturheilkunde-kraeuterwissen","9":"product_tag-aphrodisika","10":"product_tag-hexen","11":"product_tag-kraeuter","12":"product_tag-naturheilkunde","13":"product_tag-naturmagie","14":"product_shipping_class-paket","16":"first","17":"onbackorder","18":"taxable","19":"shipping-taxable","20":"purchasable","21":"product-type-simple"},"_links":{"self":[{"href":"https:\/\/shop.mittgard.de\/index.php?rest_route=\/wp\/v2\/product\/23573","targetHints":{"allow":["GET"]}}],"collection":[{"href":"https:\/\/shop.mittgard.de\/index.php?rest_route=\/wp\/v2\/product"}],"about":[{"href":"https:\/\/shop.mittgard.de\/index.php?rest_route=\/wp\/v2\/types\/product"}],"wp:featuredmedia":[{"embeddable":true,"href":"https:\/\/shop.mittgard.de\/index.php?rest_route=\/wp\/v2\/media\/26457"}],"wp:attachment":[{"href":"https:\/\/shop.mittgard.de\/index.php?rest_route=%2Fwp%2Fv2%2Fmedia&parent=23573"}],"wp:term":[{"taxonomy":"product_brand","embeddable":true,"href":"https:\/\/shop.mittgard.de\/index.php?rest_route=%2Fwp%2Fv2%2Fproduct_brand&post=23573"},{"taxonomy":"product_cat","embeddable":true,"href":"https:\/\/shop.mittgard.de\/index.php?rest_route=%2Fwp%2Fv2%2Fproduct_cat&post=23573"},{"taxonomy":"product_tag","embeddable":true,"href":"https:\/\/shop.mittgard.de\/index.php?rest_route=%2Fwp%2Fv2%2Fproduct_tag&post=23573"}],"curies":[{"name":"wp","href":"https:\/\/api.w.org\/{rel}","templated":true}]}}