{"id":2358,"date":"2018-06-22T15:38:38","date_gmt":"2018-06-22T13:38:38","guid":{"rendered":"http:\/\/shop.mittgard.de\/?product=import-placeholder-for-2029"},"modified":"2025-09-29T14:40:22","modified_gmt":"2025-09-29T12:40:22","slug":"hasskerl-heide-selbstversorgt","status":"publish","type":"product","link":"https:\/\/shop.mittgard.de\/?product=hasskerl-heide-selbstversorgt","title":{"rendered":"Ha\u00dfkerl, Heide &#8222;Selbstversorgt!&#8220;"},"content":{"rendered":"<p>Gem\u00fcse, Kr\u00e4uter und Beeren aus dem eigenen Garten<\/p>\n<p>Mit diesem Praxisbuch, das speziell auf Einsteiger in den Gartenbau R\u00fccksicht nimmt, gelingt der Schritt zum eigenen Nutzgarten garantiert. Die richtige Anlage der Beete, die Bearbeitung der Erde, die Unterschiede zwischen erw\u00fcnschten und unerw\u00fcnschten Pflanzen sowie realistische Angaben zum Zeitaufwand und die Gegen\u00fcberstellung von Kosten und Nutzen machen das k\u00fcnftige G\u00e4rtnern zu einem kalkulierbaren Vergn\u00fcgen. Die praktischen Tipps, Planbeispiele sowie vielf\u00e4ltigen Informationen sind auch f\u00fcr jene von Interesse, die bereits Erfahrungen gesammelt haben.<\/p>\n<p>Aus dem Inhalt:<\/p>\n<p>&#8211; Jeder kann einen Gem\u00fcsegarten anlegen<br \/>\n&#8211; F\u00fcnf gute Gr\u00fcnde f\u00fcr einen eigenen Nutzgarten<br \/>\n&#8211; Anfallende Kosten und zu erwartender Nutzen<br \/>\n&#8211; Ohne Planung geht es nicht<br \/>\n&#8211; Der Kompost im Garten<br \/>\n&#8211; Das Umgraben einer Gem\u00fcsebeetfl\u00e4che bzw. Rasenfl\u00e4che<br \/>\n&#8211; Das Vorziehen der Gem\u00fcse<br \/>\n&#8211; Das Pflanzen<br \/>\n&#8211; Die Tiere des Nutzgartens<br \/>\n&#8211; Der Kr\u00e4utergarten<br \/>\n&#8211; Der Fr\u00fchgem\u00fcsegarten f\u00fcr den Einsteiger<br \/>\n&#8211; Der Selbstversorgergarten<\/p>\n<p>Gebundene Ausgabe, 222 Seiten<\/p>\n","protected":false},"excerpt":{"rendered":"<p>HC<\/p>\n","protected":false},"featured_media":3615,"template":"","meta":[],"product_brand":[],"product_cat":[186,185],"product_tag":[230,220],"class_list":{"0":"post-2358","1":"product","2":"type-product","3":"status-publish","4":"has-post-thumbnail","6":"product_cat-alternativ-leben","7":"product_cat-literatur","8":"product_tag-garten","9":"product_tag-selbstversorger","10":"product_shipping_class-paket","12":"first","13":"onbackorder","14":"taxable","15":"shipping-taxable","16":"purchasable","17":"product-type-simple"},"_links":{"self":[{"href":"https:\/\/shop.mittgard.de\/index.php?rest_route=\/wp\/v2\/product\/2358","targetHints":{"allow":["GET"]}}],"collection":[{"href":"https:\/\/shop.mittgard.de\/index.php?rest_route=\/wp\/v2\/product"}],"about":[{"href":"https:\/\/shop.mittgard.de\/index.php?rest_route=\/wp\/v2\/types\/product"}],"wp:featuredmedia":[{"embeddable":true,"href":"https:\/\/shop.mittgard.de\/index.php?rest_route=\/wp\/v2\/media\/3615"}],"wp:attachment":[{"href":"https:\/\/shop.mittgard.de\/index.php?rest_route=%2Fwp%2Fv2%2Fmedia&parent=2358"}],"wp:term":[{"taxonomy":"product_brand","embeddable":true,"href":"https:\/\/shop.mittgard.de\/index.php?rest_route=%2Fwp%2Fv2%2Fproduct_brand&post=2358"},{"taxonomy":"product_cat","embeddable":true,"href":"https:\/\/shop.mittgard.de\/index.php?rest_route=%2Fwp%2Fv2%2Fproduct_cat&post=2358"},{"taxonomy":"product_tag","embeddable":true,"href":"https:\/\/shop.mittgard.de\/index.php?rest_route=%2Fwp%2Fv2%2Fproduct_tag&post=2358"}],"curies":[{"name":"wp","href":"https:\/\/api.w.org\/{rel}","templated":true}]}}