{"id":23583,"date":"2023-10-19T13:42:31","date_gmt":"2023-10-19T11:42:31","guid":{"rendered":"https:\/\/shop.mittgard.de\/?post_type=product&#038;p=23583"},"modified":"2025-12-11T09:06:01","modified_gmt":"2025-12-11T08:06:01","slug":"gebert-helga-phantastische-maerchen","status":"publish","type":"product","link":"https:\/\/shop.mittgard.de\/?product=gebert-helga-phantastische-maerchen","title":{"rendered":"Gebert, Helga &#8222;Phantastische M\u00e4rchen&#8220;"},"content":{"rendered":"<p>Von Zwergen, Riesen &amp; Drachen, Meerm\u00e4dchen &amp; Wasserm\u00e4nnern<\/p>\n<p>Phantastische M\u00e4rchen sind wundersame Erz\u00e4hlungen von fabelhaften Wesen. Diese Wesen sind Riesen, Oder, Drachen und Lindw\u00fcrmer, Hausgeister oder Finsterlinge, H\u00fcgelm\u00e4nner, Meerfrauen und Nixen, Fisch- und Schlangengeister, Meerungeheuer und viele mehr. Sie alle bev\u00f6lkern eine zauberhafte Ur- und Anderswelt, in der wir Menschen uns spiegeln. Die M\u00e4rchen handeln von Abenteuer, Sehnsucht und Liebe, sind lustig, spannend oder geheimnisvoll und stecken voller merkw\u00fcrdiger Ereignisse.<\/p>\n<p>Gro\u00dfartige Illustrationen begleiten die Texte. Ein illustriertes M\u00e4rchenlexikon gibt Auskunft \u00fcber Springwurzeln, Wechselb\u00e4lgern, Trolle und viele weitere M\u00e4rchenthemen und -figuren.<\/p>\n<p>Gebundene Ausgabe, 544 Seiten<\/p>\n","protected":false},"excerpt":{"rendered":"<p>Geb<\/p>\n","protected":false},"featured_media":26516,"template":"","meta":[],"product_brand":[],"product_cat":[185,213,200],"product_tag":[306,504,323,521,985,1141],"class_list":{"0":"post-23583","1":"product","2":"type-product","3":"status-publish","4":"has-post-thumbnail","6":"product_cat-literatur","7":"product_cat-maerchen","8":"product_cat-naturgeister","9":"product_tag-drachen","10":"product_tag-elfen","11":"product_tag-naturgeister","12":"product_tag-nixen","13":"product_tag-trolle","14":"product_tag-zwerge","15":"product_shipping_class-paket","17":"first","18":"onbackorder","19":"taxable","20":"shipping-taxable","21":"purchasable","22":"product-type-simple"},"_links":{"self":[{"href":"https:\/\/shop.mittgard.de\/index.php?rest_route=\/wp\/v2\/product\/23583","targetHints":{"allow":["GET"]}}],"collection":[{"href":"https:\/\/shop.mittgard.de\/index.php?rest_route=\/wp\/v2\/product"}],"about":[{"href":"https:\/\/shop.mittgard.de\/index.php?rest_route=\/wp\/v2\/types\/product"}],"wp:featuredmedia":[{"embeddable":true,"href":"https:\/\/shop.mittgard.de\/index.php?rest_route=\/wp\/v2\/media\/26516"}],"wp:attachment":[{"href":"https:\/\/shop.mittgard.de\/index.php?rest_route=%2Fwp%2Fv2%2Fmedia&parent=23583"}],"wp:term":[{"taxonomy":"product_brand","embeddable":true,"href":"https:\/\/shop.mittgard.de\/index.php?rest_route=%2Fwp%2Fv2%2Fproduct_brand&post=23583"},{"taxonomy":"product_cat","embeddable":true,"href":"https:\/\/shop.mittgard.de\/index.php?rest_route=%2Fwp%2Fv2%2Fproduct_cat&post=23583"},{"taxonomy":"product_tag","embeddable":true,"href":"https:\/\/shop.mittgard.de\/index.php?rest_route=%2Fwp%2Fv2%2Fproduct_tag&post=23583"}],"curies":[{"name":"wp","href":"https:\/\/api.w.org\/{rel}","templated":true}]}}