{"id":2359,"date":"2018-06-22T15:38:43","date_gmt":"2018-06-22T13:38:43","guid":{"rendered":"http:\/\/shop.mittgard.de\/?product=import-placeholder-for-2030"},"modified":"2025-09-09T09:54:01","modified_gmt":"2025-09-09T07:54:01","slug":"hlatky-michael-bierbrauen-fuer-jedermann","status":"publish","type":"product","link":"https:\/\/shop.mittgard.de\/?product=hlatky-michael-bierbrauen-fuer-jedermann","title":{"rendered":"Hlatky, Michael &#8222;Bierbrauen f\u00fcr jedermann&#8220;"},"content":{"rendered":"<p>&#8222;Bierbrauen f\u00fcr jedermann&#8220; ist nicht nur das erste, sondern das erfolgreichste Buch zu diesem Thema. Viele daran Interessierte glauben, da\u00df das Brauen von Bier nur den Profis \u00fcberlassen werden sollte. Dabei ist es ohne gro\u00dfen technischen Aufwand m\u00f6glich, auch zu Hause einfach gutes Bier zu brauen.<\/p>\n<p>Wie das geht und was man dazu braucht sowie der kundige Hinweis, wie Braufehler erkannt und vermieden werden k\u00f6nnen, wird vom Autor Michael Hlatky in dieser neu \u00fcberarbeiteten und stark bebilderten Auflage dieses Buches fachm\u00e4nnisch beschrieben.<\/p>\n<p>Aus dem Inhalt:<\/p>\n<p>&#8211; Bierbrauen leicht gemacht und Schritt f\u00fcr Schritt erkl\u00e4rt<br \/>\n&#8211; Die neuen &#8222;Bierbraumaschinen&#8220;<br \/>\n&#8211; Weizen, Alt, Pils, K\u00f6lsch und M\u00e4rzen selbst gebraut<br \/>\n&#8211; Rezepte europ\u00e4ischer Bierspezialit\u00e4ten: Englisches Stout, skandinavisches Haferbier, belgisches Lambic&#8230;<br \/>\n&#8211; Spezialbiere, die es im Allgemeinen im Handel nicht zu kaufen gibt: Rauchbier, Roggenbier, Dinkelbier oder Hanfbier&#8230;<\/p>\n<p>Gebundene Ausgabe, 180 Seiten<\/p>\n","protected":false},"excerpt":{"rendered":"<p>HC<\/p>\n","protected":false},"featured_media":8643,"template":"","meta":[],"product_brand":[],"product_cat":[186,185],"product_tag":[242,220],"class_list":{"0":"post-2359","1":"product","2":"type-product","3":"status-publish","4":"has-post-thumbnail","6":"product_cat-alternativ-leben","7":"product_cat-literatur","8":"product_tag-bier","9":"product_tag-selbstversorger","10":"product_shipping_class-paket","12":"first","13":"onbackorder","14":"taxable","15":"shipping-taxable","16":"purchasable","17":"product-type-simple"},"_links":{"self":[{"href":"https:\/\/shop.mittgard.de\/index.php?rest_route=\/wp\/v2\/product\/2359","targetHints":{"allow":["GET"]}}],"collection":[{"href":"https:\/\/shop.mittgard.de\/index.php?rest_route=\/wp\/v2\/product"}],"about":[{"href":"https:\/\/shop.mittgard.de\/index.php?rest_route=\/wp\/v2\/types\/product"}],"wp:featuredmedia":[{"embeddable":true,"href":"https:\/\/shop.mittgard.de\/index.php?rest_route=\/wp\/v2\/media\/8643"}],"wp:attachment":[{"href":"https:\/\/shop.mittgard.de\/index.php?rest_route=%2Fwp%2Fv2%2Fmedia&parent=2359"}],"wp:term":[{"taxonomy":"product_brand","embeddable":true,"href":"https:\/\/shop.mittgard.de\/index.php?rest_route=%2Fwp%2Fv2%2Fproduct_brand&post=2359"},{"taxonomy":"product_cat","embeddable":true,"href":"https:\/\/shop.mittgard.de\/index.php?rest_route=%2Fwp%2Fv2%2Fproduct_cat&post=2359"},{"taxonomy":"product_tag","embeddable":true,"href":"https:\/\/shop.mittgard.de\/index.php?rest_route=%2Fwp%2Fv2%2Fproduct_tag&post=2359"}],"curies":[{"name":"wp","href":"https:\/\/api.w.org\/{rel}","templated":true}]}}