{"id":23594,"date":"2023-10-24T15:57:47","date_gmt":"2023-10-24T13:57:47","guid":{"rendered":"https:\/\/shop.mittgard.de\/?post_type=product&#038;p=23594"},"modified":"2025-10-09T14:57:21","modified_gmt":"2025-10-09T12:57:21","slug":"tegner-frithjof-sage","status":"publish","type":"product","link":"https:\/\/shop.mittgard.de\/?product=tegner-frithjof-sage","title":{"rendered":"Tegner &#8222;Frithjof Sage&#8220;"},"content":{"rendered":"<p>Kampf, Liebe und Magie &#8211; Held dieser Geschichte ist Frithjof, und seine Auserw\u00e4hlte ist Prinzessin Ingeborg. Zwar ist er tapfer und wohlhabend, jedoch nicht adlig, weshalb Ingeborgs Br\u00fcder die Heirat der Liebenden vehement verbieten &#8211; sie wird einem anderen zur Frau gegeben. Doch Frithjof stellt sich s\u00e4mtlichen Abenteuern und Herausforderungen, unter anderem als Wikinger auf hoher See.<\/p>\n<p>Die &#8222;Frithjof Sage&#8220; ist das gr\u00f6\u00dfte und bekannteste Werk des schwedischen Lyrikers Esaias Tegn\u00e9r (1782 &#8211; 1846). Das Versepos basiert auf dem altnordischen Sagenstoff der Frithjofs saga fraekna, die Ende des 13. oder Anfang des 14. Jh. entstand. Die Handlung ist prim\u00e4r im norwegischen Sognefjord angesiedelt, und wurde in Mitteleuropa besonders durch Tegn\u00e9rs Version bekannt, die in zahlreichen Sprachen \u00fcbersetzt wurde.<\/p>\n<p>Gebundene Ausgabe, 220 Seiten<\/p>\n","protected":false},"excerpt":{"rendered":"<p>Geb<\/p>\n","protected":false},"featured_media":26409,"template":"","meta":[],"product_brand":[],"product_cat":[193,185,209,212],"product_tag":[750,1074,311],"class_list":{"0":"post-23594","1":"product","2":"type-product","3":"status-publish","4":"has-post-thumbnail","6":"product_cat-germanen","7":"product_cat-literatur","8":"product_cat-romane-dichtungen","9":"product_cat-sagen","10":"product_tag-norwegen","11":"product_tag-sagas","12":"product_tag-wikinger","13":"product_shipping_class-paket","15":"first","16":"onbackorder","17":"taxable","18":"shipping-taxable","19":"purchasable","20":"product-type-simple"},"_links":{"self":[{"href":"https:\/\/shop.mittgard.de\/index.php?rest_route=\/wp\/v2\/product\/23594","targetHints":{"allow":["GET"]}}],"collection":[{"href":"https:\/\/shop.mittgard.de\/index.php?rest_route=\/wp\/v2\/product"}],"about":[{"href":"https:\/\/shop.mittgard.de\/index.php?rest_route=\/wp\/v2\/types\/product"}],"wp:featuredmedia":[{"embeddable":true,"href":"https:\/\/shop.mittgard.de\/index.php?rest_route=\/wp\/v2\/media\/26409"}],"wp:attachment":[{"href":"https:\/\/shop.mittgard.de\/index.php?rest_route=%2Fwp%2Fv2%2Fmedia&parent=23594"}],"wp:term":[{"taxonomy":"product_brand","embeddable":true,"href":"https:\/\/shop.mittgard.de\/index.php?rest_route=%2Fwp%2Fv2%2Fproduct_brand&post=23594"},{"taxonomy":"product_cat","embeddable":true,"href":"https:\/\/shop.mittgard.de\/index.php?rest_route=%2Fwp%2Fv2%2Fproduct_cat&post=23594"},{"taxonomy":"product_tag","embeddable":true,"href":"https:\/\/shop.mittgard.de\/index.php?rest_route=%2Fwp%2Fv2%2Fproduct_tag&post=23594"}],"curies":[{"name":"wp","href":"https:\/\/api.w.org\/{rel}","templated":true}]}}