{"id":23599,"date":"2023-10-24T16:05:48","date_gmt":"2023-10-24T14:05:48","guid":{"rendered":"https:\/\/shop.mittgard.de\/?post_type=product&#038;p=23599"},"modified":"2026-05-11T10:01:17","modified_gmt":"2026-05-11T08:01:17","slug":"ackermann-erich-tschechische-maerchen","status":"publish","type":"product","link":"https:\/\/shop.mittgard.de\/?product=ackermann-erich-tschechische-maerchen","title":{"rendered":"Ackermann, Erich &#8222;Tschechische M\u00e4rchen&#8220;"},"content":{"rendered":"<p>Hierzulande kennen wir tschechische M\u00e4rchen vor allem durch die beliebten Verfilmungen &#8211; &#8222;Drei Haseln\u00fcsse f\u00fcr Aschenbr\u00f6del&#8220; etwa geh\u00f6rt inzwischen zum Pflichtprogramm in der Adventszeit. Die Geschichten enthalten viele Motive des klassischen Zauberm\u00e4rchens wie den Sieg des Guten \u00fcber das B\u00f6se, Zwerge, Riesen, Hexen und sprechende Tiere. Besonderen Charme verleiht ihnen zudem das b\u00f6hmisch-slawische Brauchtum und Lokalkolorit. Der reich bebildert Band enth\u00e4lt unter anderem Texte aus den M\u00e4rchensammlungen Karel Erbens und Bozena Nemcov\u00e1s, die in Tschechien so bekannt sind wie die Grimms in Deutschland.<\/p>\n<p>Gebundene Ausgabe, 320 Seiten<\/p>\n","protected":false},"excerpt":{"rendered":"<p>Geb<\/p>\n","protected":false},"featured_media":26512,"template":"","meta":[],"product_brand":[],"product_cat":[185,213],"product_tag":[824,353,1498],"class_list":{"0":"post-23599","1":"product","2":"type-product","3":"status-publish","4":"has-post-thumbnail","6":"product_cat-literatur","7":"product_cat-maerchen","8":"product_tag-boehmen","9":"product_tag-slawen","10":"product_tag-tschechei","11":"product_shipping_class-paket","13":"first","14":"onbackorder","15":"taxable","16":"shipping-taxable","17":"purchasable","18":"product-type-simple"},"_links":{"self":[{"href":"https:\/\/shop.mittgard.de\/index.php?rest_route=\/wp\/v2\/product\/23599","targetHints":{"allow":["GET"]}}],"collection":[{"href":"https:\/\/shop.mittgard.de\/index.php?rest_route=\/wp\/v2\/product"}],"about":[{"href":"https:\/\/shop.mittgard.de\/index.php?rest_route=\/wp\/v2\/types\/product"}],"wp:featuredmedia":[{"embeddable":true,"href":"https:\/\/shop.mittgard.de\/index.php?rest_route=\/wp\/v2\/media\/26512"}],"wp:attachment":[{"href":"https:\/\/shop.mittgard.de\/index.php?rest_route=%2Fwp%2Fv2%2Fmedia&parent=23599"}],"wp:term":[{"taxonomy":"product_brand","embeddable":true,"href":"https:\/\/shop.mittgard.de\/index.php?rest_route=%2Fwp%2Fv2%2Fproduct_brand&post=23599"},{"taxonomy":"product_cat","embeddable":true,"href":"https:\/\/shop.mittgard.de\/index.php?rest_route=%2Fwp%2Fv2%2Fproduct_cat&post=23599"},{"taxonomy":"product_tag","embeddable":true,"href":"https:\/\/shop.mittgard.de\/index.php?rest_route=%2Fwp%2Fv2%2Fproduct_tag&post=23599"}],"curies":[{"name":"wp","href":"https:\/\/api.w.org\/{rel}","templated":true}]}}