{"id":23627,"date":"2023-11-22T12:27:18","date_gmt":"2023-11-22T11:27:18","guid":{"rendered":"https:\/\/shop.mittgard.de\/?post_type=product&#038;p=23627"},"modified":"2025-10-09T15:15:19","modified_gmt":"2025-10-09T13:15:19","slug":"voenix-geister-schamanen-im-ewigen-eis","status":"publish","type":"product","link":"https:\/\/shop.mittgard.de\/?product=voenix-geister-schamanen-im-ewigen-eis","title":{"rendered":"Voenix &#8222;Geister &#038; Schamanen im ewigen Eis&#8220;"},"content":{"rendered":"<p>Mythen und Leben der Inuit<\/p>\n<p>Kaum ein Volk bietet eine solch reichhaltige Vielfalt an wundersamen Geschichten und seltsamen Kreaturen. Kaum eine Region fasziniert so wie die Arktis, an die sich die Inuit perfekt anpassen.<\/p>\n<p>Sie zogen als Nomaden im Rhythmus der Natur ihren Fangtieren hinterher. Dabei entwickelten sie einen erstaunlichen Reichtum an Mythen und Sagen. Diese geben Zeugnis aus einer Zeit, in der Mensch und Tier, Geister und Riesen sich noch in einer geheimnisvollen Verbundenheit befanden.<\/p>\n<p>Durch die Zerst\u00f6rung ihres vertrauten Lebensraumes, erst durch die Christianisierung und aktuell durch die Eisabschmelze, stehen sie heute vor gewaltigen Herausforderungen.<\/p>\n<p>Mit Voenix folgen wir den Spuren dieses Volkes, das sich durch einen unersch\u00fctterlichen Lebenswillen, Pragmatismus, Gen\u00fcgsamkeit, G\u00fcte und zuweilen kindlichen Humor auszeichnet.<\/p>\n<p>Gebundene Ausgabe, 192 Seiten<\/p>\n<p>&nbsp;<\/p>\n","protected":false},"excerpt":{"rendered":"<p>Geb<\/p>\n","protected":false},"featured_media":26437,"template":"","meta":[],"product_brand":[],"product_cat":[192,195,185,211,212],"product_tag":[1501,1306,1305,365],"class_list":{"0":"post-23627","1":"product","2":"type-product","3":"status-publish","4":"has-post-thumbnail","6":"product_cat-geschichte","7":"product_cat-hexentum-schamanismus","8":"product_cat-literatur","9":"product_cat-sachbuch-lexika","10":"product_cat-sagen","11":"product_tag-arktis","12":"product_tag-eskimo","13":"product_tag-inuit","14":"product_tag-schamanismus","15":"product_shipping_class-paket","17":"first","18":"instock","19":"taxable","20":"shipping-taxable","21":"purchasable","22":"product-type-simple"},"_links":{"self":[{"href":"https:\/\/shop.mittgard.de\/index.php?rest_route=\/wp\/v2\/product\/23627","targetHints":{"allow":["GET"]}}],"collection":[{"href":"https:\/\/shop.mittgard.de\/index.php?rest_route=\/wp\/v2\/product"}],"about":[{"href":"https:\/\/shop.mittgard.de\/index.php?rest_route=\/wp\/v2\/types\/product"}],"wp:featuredmedia":[{"embeddable":true,"href":"https:\/\/shop.mittgard.de\/index.php?rest_route=\/wp\/v2\/media\/26437"}],"wp:attachment":[{"href":"https:\/\/shop.mittgard.de\/index.php?rest_route=%2Fwp%2Fv2%2Fmedia&parent=23627"}],"wp:term":[{"taxonomy":"product_brand","embeddable":true,"href":"https:\/\/shop.mittgard.de\/index.php?rest_route=%2Fwp%2Fv2%2Fproduct_brand&post=23627"},{"taxonomy":"product_cat","embeddable":true,"href":"https:\/\/shop.mittgard.de\/index.php?rest_route=%2Fwp%2Fv2%2Fproduct_cat&post=23627"},{"taxonomy":"product_tag","embeddable":true,"href":"https:\/\/shop.mittgard.de\/index.php?rest_route=%2Fwp%2Fv2%2Fproduct_tag&post=23627"}],"curies":[{"name":"wp","href":"https:\/\/api.w.org\/{rel}","templated":true}]}}