{"id":2363,"date":"2018-06-22T15:38:43","date_gmt":"2018-06-22T13:38:43","guid":{"rendered":"http:\/\/shop.mittgard.de\/?product=import-placeholder-for-2034"},"modified":"2024-12-15T12:09:04","modified_gmt":"2024-12-15T11:09:04","slug":"konarek-lars-ueberleben-in-krisen-und-katastrophenfaellen","status":"publish","type":"product","link":"https:\/\/shop.mittgard.de\/?product=konarek-lars-ueberleben-in-krisen-und-katastrophenfaellen","title":{"rendered":"Konarek, Lars &#8222;\u00dcberleben in Krisen- und Katastrophenf\u00e4llen&#8220;"},"content":{"rendered":"<p>Strom und Trinkwasser, Einkaufsm\u00f6glichkeiten und medizinische Versorgung: In unserer zivilisierten Welt klingt das alles selbstverst\u00e4ndlich. Erst wenn diese \u201eLebensadern\u201c im Zuge einer Katastrophe, sei es bei einem Hochwasser, nach Lawinenabg\u00e4ngen oder im Falle eines \u201eBlackouts\u201cpl\u00f6tzlich unterbrochen sind, wird einem die Abh\u00e4ngigkeit schmerzlich bewusst \u2013 oft ist es dann aber zu sp\u00e4t!<br \/>\nMit ein paar Vorsichtsma\u00dfnahmen lie\u00dfen sich die Folgen unerwarteter Zwischenf\u00e4lle leicht abfedern: Ein batteriebetriebenes Radioger\u00e4t, haltbare Lebensmittel und ausreichend Trinkwasser in Flaschen sollten f\u00fcr jedermann zum Standard z\u00e4hlen. Survival-Experte Lars Konarek geht aber einen Schritt weiter: er zeigt neben den genannten Selbstverst\u00e4ndlichkeiten, wie man sich auch gegen gro\u00dfe Katastrophen, die man zwar liebend gern verdr\u00e4ngt, die aber nicht nur von Pessimisten zu Recht bef\u00fcrchtet werden \u2013 beispielsweise ein St\u00f6rfall in einem Atomkraftwerk, eine Naturkatastrophe oder eine Pandemie -, am besten wappnet.<br \/>\nDer Autor stellt die sinnvolle Zusammensetzung eines Notgep\u00e4cks vor, erl\u00e4utert Erste-Hilfe-Ma\u00dfnahmen, erkl\u00e4rt verst\u00e4ndlich, wie man ein Lager baut, Wasser selbst aufbereitet und sich mit Nahrung versorgen kann, wenn eigentlich keine mehr zur Verf\u00fcgung steht, oder wie man sich nach einer Katastrophe orientiert. Ein weiteres Augenmerk gilt der Ernstfall-Psychologie und gruppendynamischen Ph\u00e4nomenen.<br \/>\nDas Buch wendet sich an selbstschutzinteressierte Laien genauso wie an Prepper-Kreise, die sich intensiv mit der Frage besch\u00e4ftigen, wie man im Katastrophenfall in der Natur \u00fcberleben kann.<\/p>\n<p>Broschiert, 232 Seiten<\/p>\n","protected":false},"excerpt":{"rendered":"<p>Br<\/p>\n","protected":false},"featured_media":10520,"template":"","meta":[],"product_brand":[],"product_cat":[186,185],"product_tag":[244,245],"class_list":{"0":"post-2363","1":"product","2":"type-product","3":"status-publish","4":"has-post-thumbnail","6":"product_cat-alternativ-leben","7":"product_cat-literatur","8":"product_tag-survival","9":"product_tag-ueberleben","10":"product_shipping_class-paket","12":"first","13":"instock","14":"taxable","15":"shipping-taxable","16":"purchasable","17":"product-type-simple"},"_links":{"self":[{"href":"https:\/\/shop.mittgard.de\/index.php?rest_route=\/wp\/v2\/product\/2363","targetHints":{"allow":["GET"]}}],"collection":[{"href":"https:\/\/shop.mittgard.de\/index.php?rest_route=\/wp\/v2\/product"}],"about":[{"href":"https:\/\/shop.mittgard.de\/index.php?rest_route=\/wp\/v2\/types\/product"}],"wp:featuredmedia":[{"embeddable":true,"href":"https:\/\/shop.mittgard.de\/index.php?rest_route=\/wp\/v2\/media\/10520"}],"wp:attachment":[{"href":"https:\/\/shop.mittgard.de\/index.php?rest_route=%2Fwp%2Fv2%2Fmedia&parent=2363"}],"wp:term":[{"taxonomy":"product_brand","embeddable":true,"href":"https:\/\/shop.mittgard.de\/index.php?rest_route=%2Fwp%2Fv2%2Fproduct_brand&post=2363"},{"taxonomy":"product_cat","embeddable":true,"href":"https:\/\/shop.mittgard.de\/index.php?rest_route=%2Fwp%2Fv2%2Fproduct_cat&post=2363"},{"taxonomy":"product_tag","embeddable":true,"href":"https:\/\/shop.mittgard.de\/index.php?rest_route=%2Fwp%2Fv2%2Fproduct_tag&post=2363"}],"curies":[{"name":"wp","href":"https:\/\/api.w.org\/{rel}","templated":true}]}}