{"id":23637,"date":"2023-11-22T12:44:50","date_gmt":"2023-11-22T11:44:50","guid":{"rendered":"https:\/\/shop.mittgard.de\/?post_type=product&#038;p=23637"},"modified":"2025-10-09T16:00:46","modified_gmt":"2025-10-09T14:00:46","slug":"voenix-der-keltische-goetterhimmel","status":"publish","type":"product","link":"https:\/\/shop.mittgard.de\/?product=voenix-der-keltische-goetterhimmel","title":{"rendered":"Voenix &#8222;Der keltische G\u00f6tterhimmel&#8220;"},"content":{"rendered":"<p>Auf \u00fcber 160 farbenpr\u00e4chtigen Seiten werden die wichtigsten G\u00f6tter und Sagengestalten der keltischen Mythologie vorgestellt.<\/p>\n<p>Neben den G\u00f6ttern der Gallier und Inselkelten finden sich ebenso die Tuatha de Danann, die auch heute noch als Sidhe und Feen verehrt werden.<\/p>\n<p>Kriegerhelden wie der gott\u00e4hnliche Cuchulainn, Finn mac Cool oder Fergus mac Roy sind ebenso vertreten wie die kriegerischen K\u00f6niginnen Medb oder Boadicea.<\/p>\n<p>Druiden wie Cathbad, Merlin der Zauberer und Barden wie Oisin fanden ebenso ihre Aufnahme.<\/p>\n<p>Nat\u00fcrlich d\u00fcrfen auch Artus, Ginevra, Lancelot, Morgana und weitere Personen der legend\u00e4ren Tafelrunde nicht fehlen.<\/p>\n<p>K\u00fcnstler und Mythenkenner Voenix erweckt die Gestalten und Abenteuer unserer mythischen Vorfahren zu neuem, zeitgem\u00e4\u00dfen Leben.<\/p>\n<p>Gebundene Ausgabe, 166 Seiten<\/p>\n","protected":false},"excerpt":{"rendered":"<p>Geb<\/p>\n","protected":false},"featured_media":26498,"template":"","meta":[],"product_brand":[],"product_cat":[194,197,185,211],"product_tag":[1503,1502,404,313],"class_list":{"0":"post-23637","1":"product","2":"type-product","3":"status-publish","4":"has-post-thumbnail","6":"product_cat-kelten","7":"product_cat-kinderbuecher","8":"product_cat-literatur","9":"product_cat-sachbuch-lexika","10":"product_tag-artussage","11":"product_tag-gallier","12":"product_tag-irland","13":"product_tag-kelten","14":"product_shipping_class-paket","16":"first","17":"onbackorder","18":"taxable","19":"shipping-taxable","20":"purchasable","21":"product-type-simple"},"_links":{"self":[{"href":"https:\/\/shop.mittgard.de\/index.php?rest_route=\/wp\/v2\/product\/23637","targetHints":{"allow":["GET"]}}],"collection":[{"href":"https:\/\/shop.mittgard.de\/index.php?rest_route=\/wp\/v2\/product"}],"about":[{"href":"https:\/\/shop.mittgard.de\/index.php?rest_route=\/wp\/v2\/types\/product"}],"wp:featuredmedia":[{"embeddable":true,"href":"https:\/\/shop.mittgard.de\/index.php?rest_route=\/wp\/v2\/media\/26498"}],"wp:attachment":[{"href":"https:\/\/shop.mittgard.de\/index.php?rest_route=%2Fwp%2Fv2%2Fmedia&parent=23637"}],"wp:term":[{"taxonomy":"product_brand","embeddable":true,"href":"https:\/\/shop.mittgard.de\/index.php?rest_route=%2Fwp%2Fv2%2Fproduct_brand&post=23637"},{"taxonomy":"product_cat","embeddable":true,"href":"https:\/\/shop.mittgard.de\/index.php?rest_route=%2Fwp%2Fv2%2Fproduct_cat&post=23637"},{"taxonomy":"product_tag","embeddable":true,"href":"https:\/\/shop.mittgard.de\/index.php?rest_route=%2Fwp%2Fv2%2Fproduct_tag&post=23637"}],"curies":[{"name":"wp","href":"https:\/\/api.w.org\/{rel}","templated":true}]}}