{"id":23642,"date":"2023-11-22T12:54:23","date_gmt":"2023-11-22T11:54:23","guid":{"rendered":"https:\/\/shop.mittgard.de\/?post_type=product&#038;p=23642"},"modified":"2025-10-09T16:49:12","modified_gmt":"2025-10-09T14:49:12","slug":"voenix-der-griechische-goetterhimmel","status":"publish","type":"product","link":"https:\/\/shop.mittgard.de\/?product=voenix-der-griechische-goetterhimmel","title":{"rendered":"Voenix &#8222;Der griechische G\u00f6tterhimmel&#8220;"},"content":{"rendered":"<p>Mit farbenpr\u00e4chtigen Bildern tauchen wir in die Mythen des Mittelmeerraumes ein.<\/p>\n<p>Mal tragisch und brutal, mal liebe- und lustvoll entstammen sie einer archaischen Epoche, die gleichzeitig von einer hohen kulturellen Bl\u00fcte zeugte.<\/p>\n<p>F\u00fcr viele von uns waren und sind die klassischen G\u00f6tter und Helden der Antike nach wie vor Einstieg in die mythische Welt\u00a0 unserer Vorfahren.<\/p>\n<p>Die strahlenden G\u00f6tter des Olymp, G\u00f6tter und G\u00f6ttinnen der Erde, der Gew\u00e4sser und der Unterwelt, Riesen, Titanen, Feen und Faune sowie all die unsterblichen Helden, Weisen, Heiler, Sybillen und Orakel.<\/p>\n<p>Sie alle zusammen bilden die gro\u00dfen Epen eines noch heidnischen Abendlandes, die hier von Voenix aufwendig zusammengetragen und in Szene gesetzt wurden.<\/p>\n<p>Gebundene Ausgabe, 190 Seiten<\/p>\n","protected":false},"excerpt":{"rendered":"<p>Geb<\/p>\n","protected":false},"featured_media":26568,"template":"","meta":[],"product_brand":[],"product_cat":[185,211,212],"product_tag":[522,351,1504],"class_list":{"0":"post-23642","1":"product","2":"type-product","3":"status-publish","4":"has-post-thumbnail","6":"product_cat-literatur","7":"product_cat-sachbuch-lexika","8":"product_cat-sagen","9":"product_tag-antike","10":"product_tag-goetter","11":"product_tag-griechen","12":"product_shipping_class-paket","14":"first","15":"instock","16":"taxable","17":"shipping-taxable","18":"purchasable","19":"product-type-simple"},"_links":{"self":[{"href":"https:\/\/shop.mittgard.de\/index.php?rest_route=\/wp\/v2\/product\/23642","targetHints":{"allow":["GET"]}}],"collection":[{"href":"https:\/\/shop.mittgard.de\/index.php?rest_route=\/wp\/v2\/product"}],"about":[{"href":"https:\/\/shop.mittgard.de\/index.php?rest_route=\/wp\/v2\/types\/product"}],"wp:featuredmedia":[{"embeddable":true,"href":"https:\/\/shop.mittgard.de\/index.php?rest_route=\/wp\/v2\/media\/26568"}],"wp:attachment":[{"href":"https:\/\/shop.mittgard.de\/index.php?rest_route=%2Fwp%2Fv2%2Fmedia&parent=23642"}],"wp:term":[{"taxonomy":"product_brand","embeddable":true,"href":"https:\/\/shop.mittgard.de\/index.php?rest_route=%2Fwp%2Fv2%2Fproduct_brand&post=23642"},{"taxonomy":"product_cat","embeddable":true,"href":"https:\/\/shop.mittgard.de\/index.php?rest_route=%2Fwp%2Fv2%2Fproduct_cat&post=23642"},{"taxonomy":"product_tag","embeddable":true,"href":"https:\/\/shop.mittgard.de\/index.php?rest_route=%2Fwp%2Fv2%2Fproduct_tag&post=23642"}],"curies":[{"name":"wp","href":"https:\/\/api.w.org\/{rel}","templated":true}]}}