{"id":23655,"date":"2023-11-24T14:10:14","date_gmt":"2023-11-24T13:10:14","guid":{"rendered":"https:\/\/shop.mittgard.de\/?post_type=product&#038;p=23655"},"modified":"2025-10-08T18:47:20","modified_gmt":"2025-10-08T16:47:20","slug":"junkes-mario-sagen-legenden-aus-dem-muensterland","status":"publish","type":"product","link":"https:\/\/shop.mittgard.de\/?product=junkes-mario-sagen-legenden-aus-dem-muensterland","title":{"rendered":"Junkes, Mario &#8222;Sagen &#038; Legenden aus dem M\u00fcnsterland&#8220;"},"content":{"rendered":"<p>Von Bisch\u00f6fen, Burggrafen und Westf\u00e4lingern<\/p>\n<p>Das M\u00fcnsterland bietet eine reichhaltige Tradition ungez\u00e4hlter Geschichten, die sich manchmal fast wie ein M\u00e4rchen lesen. Mario Junkes hat erneut alle verf\u00fcgbaren B\u00fccher und Schriften durchsucht, um die besten Sagen und Legenden f\u00fcr Sie zu sammeln.<\/p>\n<p>Sie begegnen dem ersten Westf\u00e4linger, werden Zeuge der Erbauung M\u00fcnsters, treffen den heiligen Luidger und seine G\u00e4nse, sowie Bischoff Wulfhelm mit dem unfehlbaren Navigationsger\u00e4t &#8211; seinem Esel.<\/p>\n<p>Sie erleben das Heybrockm\u00e4nnchen und Jungfer Eli, wandeln auf dem Tecklenburger Hexenpfad, Sie h\u00f6ren den Grinkenschmied h\u00e4mmern, sehen das hockende Weib, riechen am Honigtopf von Billerbeck &#8211; und Sie werden Zeuge der Partie Burggraf von Stromberg gegen den Bischoff von M\u00fcnster.<\/p>\n<p>Dies und vieles mehr wartet nur darauf, in diesem Band entdeckt zu werden!<\/p>\n<p>Mario Junkes, geboren 1972, war nach Ausbildung zum Fremdsprachenkorrespondent und \u00dcbersetzer f\u00fcr deutsche und internationale Arbeitgeber in mehreren europ\u00e4ischen L\u00e4ndern t\u00e4tig. Seit 2012 widmet er sich zunehmend eigenen Schreibprojekten. Einser seiner Schwerpunkte ist die Sagenwelt Europas.<\/p>\n<p>Gebundene Ausgabe, 160 Seiten<\/p>\n","protected":false},"excerpt":{"rendered":"<p>Geb<\/p>\n","protected":false},"featured_media":26286,"template":"","meta":[],"product_brand":[],"product_cat":[187,185,212],"product_tag":[320,1507,305],"class_list":{"0":"post-23655","1":"product","2":"type-product","3":"status-publish","4":"has-post-thumbnail","6":"product_cat-alternativ-reisen","7":"product_cat-literatur","8":"product_cat-sagen","9":"product_tag-hexen","10":"product_tag-muenster","11":"product_tag-sagen","12":"product_shipping_class-paket","14":"first","15":"onbackorder","16":"taxable","17":"shipping-taxable","18":"purchasable","19":"product-type-simple"},"_links":{"self":[{"href":"https:\/\/shop.mittgard.de\/index.php?rest_route=\/wp\/v2\/product\/23655","targetHints":{"allow":["GET"]}}],"collection":[{"href":"https:\/\/shop.mittgard.de\/index.php?rest_route=\/wp\/v2\/product"}],"about":[{"href":"https:\/\/shop.mittgard.de\/index.php?rest_route=\/wp\/v2\/types\/product"}],"wp:featuredmedia":[{"embeddable":true,"href":"https:\/\/shop.mittgard.de\/index.php?rest_route=\/wp\/v2\/media\/26286"}],"wp:attachment":[{"href":"https:\/\/shop.mittgard.de\/index.php?rest_route=%2Fwp%2Fv2%2Fmedia&parent=23655"}],"wp:term":[{"taxonomy":"product_brand","embeddable":true,"href":"https:\/\/shop.mittgard.de\/index.php?rest_route=%2Fwp%2Fv2%2Fproduct_brand&post=23655"},{"taxonomy":"product_cat","embeddable":true,"href":"https:\/\/shop.mittgard.de\/index.php?rest_route=%2Fwp%2Fv2%2Fproduct_cat&post=23655"},{"taxonomy":"product_tag","embeddable":true,"href":"https:\/\/shop.mittgard.de\/index.php?rest_route=%2Fwp%2Fv2%2Fproduct_tag&post=23655"}],"curies":[{"name":"wp","href":"https:\/\/api.w.org\/{rel}","templated":true}]}}