{"id":2370,"date":"2018-06-22T15:38:44","date_gmt":"2018-06-22T13:38:44","guid":{"rendered":"http:\/\/shop.mittgard.de\/?product=import-placeholder-for-2041"},"modified":"2024-12-15T12:16:22","modified_gmt":"2024-12-15T11:16:22","slug":"oftring-baerbel-52-projekte-fuer-stadtgaertner","status":"publish","type":"product","link":"https:\/\/shop.mittgard.de\/?product=oftring-baerbel-52-projekte-fuer-stadtgaertner","title":{"rendered":"Oftring, B\u00e4rbel &#8222;52 Projekte f\u00fcr Stadtg\u00e4rtner&#8220;"},"content":{"rendered":"<p>G\u00e4rtnern auf dem Fensterbrett &amp; Balkon, Windowfarming, Dosen-G\u00e4rtchen, Kr\u00e4uter-Vertikal-Garten bis zum Tee von der Euro-Palette<\/p>\n<p>Vom Stadtbewohner zum Stadtg\u00e4rtner!<\/p>\n<p>Mit diesen 52 Projekten ist es ganz einfach, sich mitten in der Stadt eine gr\u00fcne Umgebung zu erschaffen. Denn, egal wie viel Platz oder Erfahrung man hat, jeder kann die originellen Ideen von B\u00e4rbel Oftring umsetzen. Von Pflanztipps bis zu Dekoideen ist f\u00fcr jede Woche im Jahr ein toller Vorschlag f\u00fcr die pers\u00f6nliche Stadtgarten-Oase dabei.<\/p>\n<p>&#8211; Sich mit Kreativit\u00e4t und Spa\u00df durch die Jahreszeiten g\u00e4rtnern.<br \/>\n&#8211; Woche f\u00fcr Woche dem Gartengl\u00fcck n\u00e4her kommen.<br \/>\n&#8211; S\u00e4en, pflanzen, ernten und genie\u00dfen.<\/p>\n<p>Erleben Sie von Woche zu Woche ihr gr\u00fcner werdendes Reich!<\/p>\n<p>Taschenbuch, 128 Seiten<\/p>\n","protected":false},"excerpt":{"rendered":"<p>Br<\/p>\n","protected":false},"featured_media":3628,"template":"","meta":[],"product_brand":[],"product_cat":[186,185],"product_tag":[230,220],"class_list":{"0":"post-2370","1":"product","2":"type-product","3":"status-publish","4":"has-post-thumbnail","6":"product_cat-alternativ-leben","7":"product_cat-literatur","8":"product_tag-garten","9":"product_tag-selbstversorger","10":"product_shipping_class-paket","12":"first","13":"instock","14":"taxable","15":"shipping-taxable","16":"purchasable","17":"product-type-simple"},"_links":{"self":[{"href":"https:\/\/shop.mittgard.de\/index.php?rest_route=\/wp\/v2\/product\/2370","targetHints":{"allow":["GET"]}}],"collection":[{"href":"https:\/\/shop.mittgard.de\/index.php?rest_route=\/wp\/v2\/product"}],"about":[{"href":"https:\/\/shop.mittgard.de\/index.php?rest_route=\/wp\/v2\/types\/product"}],"wp:featuredmedia":[{"embeddable":true,"href":"https:\/\/shop.mittgard.de\/index.php?rest_route=\/wp\/v2\/media\/3628"}],"wp:attachment":[{"href":"https:\/\/shop.mittgard.de\/index.php?rest_route=%2Fwp%2Fv2%2Fmedia&parent=2370"}],"wp:term":[{"taxonomy":"product_brand","embeddable":true,"href":"https:\/\/shop.mittgard.de\/index.php?rest_route=%2Fwp%2Fv2%2Fproduct_brand&post=2370"},{"taxonomy":"product_cat","embeddable":true,"href":"https:\/\/shop.mittgard.de\/index.php?rest_route=%2Fwp%2Fv2%2Fproduct_cat&post=2370"},{"taxonomy":"product_tag","embeddable":true,"href":"https:\/\/shop.mittgard.de\/index.php?rest_route=%2Fwp%2Fv2%2Fproduct_tag&post=2370"}],"curies":[{"name":"wp","href":"https:\/\/api.w.org\/{rel}","templated":true}]}}