{"id":23772,"date":"2024-01-04T11:16:23","date_gmt":"2024-01-04T10:16:23","guid":{"rendered":"https:\/\/shop.mittgard.de\/?post_type=product&#038;p=23772"},"modified":"2025-10-08T19:39:10","modified_gmt":"2025-10-08T17:39:10","slug":"brandt-heidger-haithabu-und-die-grossen-daenischen-ringburgen","status":"publish","type":"product","link":"https:\/\/shop.mittgard.de\/?product=brandt-heidger-haithabu-und-die-grossen-daenischen-ringburgen","title":{"rendered":"Brandt, Heidger &#8222;Haithabu und die gro\u00dfen d\u00e4nischen Ringburgen&#8220;"},"content":{"rendered":"<p>Analysen und Antworten zu den offenen Fragen der d\u00e4nischen und schleswig-holsteinischen Geschichte des 10. Jahrhunderts<\/p>\n<p>In der vorliegenden Untersuchung zur d\u00e4nischen und schleswig-holsteinischen Geschichte des 10.Jahrhunderts, der Zeitspanne von 900 bis 1000, wurden erstmals in der Rezeptionsgeschichte der Quellen alle f\u00fcr eine Fragestellung relevanten Berichte analysiert und untereinander sowie mit den Ergebnissen der arch\u00e4ologischen, dendrochronologischen, namenkundlichen, runologischen und philologischen Forschungen abgeglichen.<\/p>\n<p>Mit der Entdeckung einer bisher \u00fcbersehenen Aussage in der Chronik Thietmar von Merseburgs gelang es zudem, einen ganzen Komplex von sp\u00e4teren Berichten, der von der Geschichtsforschung nicht zugeordnet werden konnte und als Falschmeldung oder Erfindung der jeweiligen Chronisten eingestuft wird, aufzuschl\u00fcsseln und f\u00fcr die Geschichtsrekonstruktion zug\u00e4nglich zu machen.<\/p>\n<p>Es entsteht ein Geschichtsbild der mittleren Wikingerzeit, das sich wesentlich von den Auffassungen unterscheidet, die heute Gegenstand der Geschichtsdarstellung sind.<\/p>\n<p>Dies betrifft so zentrale Inhalte wie die Dauer und Ausgestaltung der schwedischen und s\u00e4chsischen Oberherrschaft \u00fcber D\u00e4nemark im 10. Jahrhundert, die Umst\u00e4nde und den Zeitraum der Christianisierung der D\u00e4nen, die Zuordnung der K\u00f6nigsgr\u00e4ber von Haithabu, Jelling und Ladby, das Todesjahr Harald Blauzahns und damit die Bauherren- und Funktionsfrage der gro\u00dfen Ringburgen und der zeitgleichen gro\u00dfen Br\u00fccke von Ravning Enge sowie die F\u00fchrungsfrage bei der R\u00fcckeroberung Haithabus 983 bis hin zur Datierung und Deutung einzelner Runensteine.<\/p>\n<p>Broschierte Ausgabe, 270 Seiten<\/p>\n<p>&nbsp;<\/p>\n","protected":false},"excerpt":{"rendered":"<p>Br<\/p>\n","protected":false},"featured_media":26365,"template":"","meta":[],"product_brand":[],"product_cat":[189,193,192,185],"product_tag":[549,735,1518,1517,311],"class_list":{"0":"post-23772","1":"product","2":"type-product","3":"status-publish","4":"has-post-thumbnail","6":"product_cat-archaeologie","7":"product_cat-germanen","8":"product_cat-geschichte","9":"product_cat-literatur","10":"product_tag-daenemark","11":"product_tag-haithabu","12":"product_tag-harald-blauzahn","13":"product_tag-trelleborg","14":"product_tag-wikinger","15":"product_shipping_class-paket","17":"first","18":"onbackorder","19":"taxable","20":"shipping-taxable","21":"purchasable","22":"product-type-simple"},"_links":{"self":[{"href":"https:\/\/shop.mittgard.de\/index.php?rest_route=\/wp\/v2\/product\/23772","targetHints":{"allow":["GET"]}}],"collection":[{"href":"https:\/\/shop.mittgard.de\/index.php?rest_route=\/wp\/v2\/product"}],"about":[{"href":"https:\/\/shop.mittgard.de\/index.php?rest_route=\/wp\/v2\/types\/product"}],"wp:featuredmedia":[{"embeddable":true,"href":"https:\/\/shop.mittgard.de\/index.php?rest_route=\/wp\/v2\/media\/26365"}],"wp:attachment":[{"href":"https:\/\/shop.mittgard.de\/index.php?rest_route=%2Fwp%2Fv2%2Fmedia&parent=23772"}],"wp:term":[{"taxonomy":"product_brand","embeddable":true,"href":"https:\/\/shop.mittgard.de\/index.php?rest_route=%2Fwp%2Fv2%2Fproduct_brand&post=23772"},{"taxonomy":"product_cat","embeddable":true,"href":"https:\/\/shop.mittgard.de\/index.php?rest_route=%2Fwp%2Fv2%2Fproduct_cat&post=23772"},{"taxonomy":"product_tag","embeddable":true,"href":"https:\/\/shop.mittgard.de\/index.php?rest_route=%2Fwp%2Fv2%2Fproduct_tag&post=23772"}],"curies":[{"name":"wp","href":"https:\/\/api.w.org\/{rel}","templated":true}]}}