{"id":2379,"date":"2018-06-22T15:38:45","date_gmt":"2018-06-22T13:38:45","guid":{"rendered":"http:\/\/shop.mittgard.de\/?product=import-placeholder-for-2050"},"modified":"2025-11-30T17:10:19","modified_gmt":"2025-11-30T16:10:19","slug":"ruland-jeanne-das-geheimnis-der-rauhnaechte","status":"publish","type":"product","link":"https:\/\/shop.mittgard.de\/?product=ruland-jeanne-das-geheimnis-der-rauhnaechte","title":{"rendered":"Ruland, Jeanne &#8222;Das Geheimnis der Rauhn\u00e4chte&#8220;"},"content":{"rendered":"<p>Sagen, \u00dcberlieferungen, Rituale<\/p>\n<p>Ihr pers\u00f6nlicher Begleiter f\u00fcr die sch\u00f6nste Zeit des Jahres!<\/p>\n<p>Die &#8222;Rauhn\u00e4chte! Oder die 12 heiligen Tage zwischen Weihnachten und dem Dreik\u00f6nigstag am 6.Januar gelten von alters her als heilige Zeit, in der m\u00f6glichst nicht gearbeitet, sondern gefeiert, R\u00fcckschau gehalten und orakelt werden sollte. Selbst die Natur ist an diesen Tagen um die Wintersonnenwende an ihrem absoluten Nullpunkt angekommen und bereitet sich auf die Wiedergeburt des &#8222;ewigen Lichtes&#8220; vor, welche die Christenheit seit Jahrhunderten als Weihnachten begeht.<\/p>\n<p>Tats\u00e4chlich sind diese Tage &#8222;zwischen den Jahren&#8220; hervorragend dazu geeignet, um in die Zukunft zu schauen, Prognosen zu stellen und mit &#8222;anderen Welten&#8220; in Kontakt zu treten. Man sagt sogar, da\u00df Tr\u00e4ume, die man in den einzelnen N\u00e4chten hat, in dem jeweils zugeordneten Monat des neuen Jahres in Erf\u00fcllung gehen werden. Es ist aber auch die Zeit, um los zulassen, sich vom Ballast des alten Jahres zu reinigen, b\u00f6se Geister und D\u00e4monen zu vertreiben. Jeanne Ruland hat in diesem B\u00fcchlein alles Wissenswerte zum Thema Rauhn\u00e4chte zusammengestellt: Sie erhalten die wichtigsten Hintergrundinformationen aus den Bereichen Natur- und Sternenkunde, des historischen Brauchtums und der Religion sowie ganz praktische Anleitungen, mit deren Hilfe Sie sich diese ruhigen und besinnlichen Tage ganz zauberhaft und nachhaltig gestalten k\u00f6nnen!<\/p>\n<p>Taschenbuch, 112 Seiten<\/p>\n","protected":false},"excerpt":{"rendered":"<p>PB<\/p>\n","protected":false},"featured_media":9763,"template":"","meta":[],"product_brand":[],"product_cat":[186,185],"product_tag":[224,225,223],"class_list":{"0":"post-2379","1":"product","2":"type-product","3":"status-publish","4":"has-post-thumbnail","6":"product_cat-alternativ-leben","7":"product_cat-literatur","8":"product_tag-heidentum","9":"product_tag-jahreskreis","10":"product_tag-naturreligion","11":"product_shipping_class-paket","13":"first","14":"onbackorder","15":"taxable","16":"shipping-taxable","17":"purchasable","18":"product-type-simple"},"_links":{"self":[{"href":"https:\/\/shop.mittgard.de\/index.php?rest_route=\/wp\/v2\/product\/2379","targetHints":{"allow":["GET"]}}],"collection":[{"href":"https:\/\/shop.mittgard.de\/index.php?rest_route=\/wp\/v2\/product"}],"about":[{"href":"https:\/\/shop.mittgard.de\/index.php?rest_route=\/wp\/v2\/types\/product"}],"wp:featuredmedia":[{"embeddable":true,"href":"https:\/\/shop.mittgard.de\/index.php?rest_route=\/wp\/v2\/media\/9763"}],"wp:attachment":[{"href":"https:\/\/shop.mittgard.de\/index.php?rest_route=%2Fwp%2Fv2%2Fmedia&parent=2379"}],"wp:term":[{"taxonomy":"product_brand","embeddable":true,"href":"https:\/\/shop.mittgard.de\/index.php?rest_route=%2Fwp%2Fv2%2Fproduct_brand&post=2379"},{"taxonomy":"product_cat","embeddable":true,"href":"https:\/\/shop.mittgard.de\/index.php?rest_route=%2Fwp%2Fv2%2Fproduct_cat&post=2379"},{"taxonomy":"product_tag","embeddable":true,"href":"https:\/\/shop.mittgard.de\/index.php?rest_route=%2Fwp%2Fv2%2Fproduct_tag&post=2379"}],"curies":[{"name":"wp","href":"https:\/\/api.w.org\/{rel}","templated":true}]}}