{"id":23808,"date":"2024-02-14T10:55:25","date_gmt":"2024-02-14T09:55:25","guid":{"rendered":"https:\/\/shop.mittgard.de\/?post_type=product&#038;p=23808"},"modified":"2025-10-08T14:20:12","modified_gmt":"2025-10-08T12:20:12","slug":"stoffbeutel-thorshammer-wikinger-rot","status":"publish","type":"product","link":"https:\/\/shop.mittgard.de\/?product=stoffbeutel-thorshammer-wikinger-rot","title":{"rendered":"Stoffbeutel &#8222;Thorshammer &#8211; Wikinger&#8220; rot"},"content":{"rendered":"<p>100% rote Baumwolle<\/p>\n<p>36 x 38 cm, maschinengen\u00e4ht<\/p>\n<p>handbedruckt von Verona von &#8222;Sch\u00f6nes Werk&#8220; mit einem Thorshammer in schwarz nebst Schriftzug &#8222;Wikinger&#8220;<\/p>\n<p>f\u00fcr den umweltfreundlichen Einkauf<\/p>\n","protected":false},"excerpt":{"rendered":"<p>100% rote Baumwolle 36 x 38 cm, maschinengen\u00e4ht handbedruckt von Verona von &#8222;Sch\u00f6nes Werk&#8220; mit einem Thorshammer in schwarz nebst Schriftzug &#8222;Wikinger&#8220; f\u00fcr den umweltfreundlichen Einkauf<\/p>\n","protected":false},"featured_media":26153,"template":"","meta":[],"product_brand":[],"product_cat":[569,562],"product_tag":[605,775],"class_list":{"0":"post-23808","1":"product","2":"type-product","3":"status-publish","4":"has-post-thumbnail","6":"product_cat-beutel-und-taschen","7":"product_cat-gewandungen","8":"product_tag-einkaufstasche","9":"product_tag-thorshammer","10":"product_shipping_class-brief","12":"first","13":"instock","14":"sold-individually","15":"taxable","16":"shipping-taxable","17":"purchasable","18":"product-type-simple"},"_links":{"self":[{"href":"https:\/\/shop.mittgard.de\/index.php?rest_route=\/wp\/v2\/product\/23808","targetHints":{"allow":["GET"]}}],"collection":[{"href":"https:\/\/shop.mittgard.de\/index.php?rest_route=\/wp\/v2\/product"}],"about":[{"href":"https:\/\/shop.mittgard.de\/index.php?rest_route=\/wp\/v2\/types\/product"}],"wp:featuredmedia":[{"embeddable":true,"href":"https:\/\/shop.mittgard.de\/index.php?rest_route=\/wp\/v2\/media\/26153"}],"wp:attachment":[{"href":"https:\/\/shop.mittgard.de\/index.php?rest_route=%2Fwp%2Fv2%2Fmedia&parent=23808"}],"wp:term":[{"taxonomy":"product_brand","embeddable":true,"href":"https:\/\/shop.mittgard.de\/index.php?rest_route=%2Fwp%2Fv2%2Fproduct_brand&post=23808"},{"taxonomy":"product_cat","embeddable":true,"href":"https:\/\/shop.mittgard.de\/index.php?rest_route=%2Fwp%2Fv2%2Fproduct_cat&post=23808"},{"taxonomy":"product_tag","embeddable":true,"href":"https:\/\/shop.mittgard.de\/index.php?rest_route=%2Fwp%2Fv2%2Fproduct_tag&post=23808"}],"curies":[{"name":"wp","href":"https:\/\/api.w.org\/{rel}","templated":true}]}}