{"id":23819,"date":"2024-02-14T11:05:10","date_gmt":"2024-02-14T10:05:10","guid":{"rendered":"https:\/\/shop.mittgard.de\/?post_type=product&#038;p=23819"},"modified":"2025-10-08T14:18:43","modified_gmt":"2025-10-08T12:18:43","slug":"stoffbeutel-drachenkoepfe-gruen-schwarz","status":"publish","type":"product","link":"https:\/\/shop.mittgard.de\/?product=stoffbeutel-drachenkoepfe-gruen-schwarz","title":{"rendered":"Stoffbeutel &#8222;Drachenk\u00f6pfe&#8220; gr\u00fcn-schwarz"},"content":{"rendered":"<p>100% gr\u00fcne Baumwolle<\/p>\n<p>36 x 38 cm, maschinengen\u00e4ht<\/p>\n<p>handbedruckt von Verona von &#8222;Sch\u00f6nes Werk&#8220; mit Drachenk\u00f6pfen in schwarz<\/p>\n<p>f\u00fcr den umweltfreundlichen Einkauf<\/p>\n","protected":false},"excerpt":{"rendered":"<p>100% gr\u00fcne Baumwolle 36 x 38 cm, maschinengen\u00e4ht handbedruckt von Verona von &#8222;Sch\u00f6nes Werk&#8220; mit Drachenk\u00f6pfen in schwarz f\u00fcr den umweltfreundlichen Einkauf<\/p>\n","protected":false},"featured_media":26151,"template":"","meta":[],"product_brand":[],"product_cat":[569,562],"product_tag":[306,605],"class_list":{"0":"post-23819","1":"product","2":"type-product","3":"status-publish","4":"has-post-thumbnail","6":"product_cat-beutel-und-taschen","7":"product_cat-gewandungen","8":"product_tag-drachen","9":"product_tag-einkaufstasche","10":"product_shipping_class-brief","12":"first","13":"instock","14":"sold-individually","15":"taxable","16":"shipping-taxable","17":"purchasable","18":"product-type-simple"},"_links":{"self":[{"href":"https:\/\/shop.mittgard.de\/index.php?rest_route=\/wp\/v2\/product\/23819","targetHints":{"allow":["GET"]}}],"collection":[{"href":"https:\/\/shop.mittgard.de\/index.php?rest_route=\/wp\/v2\/product"}],"about":[{"href":"https:\/\/shop.mittgard.de\/index.php?rest_route=\/wp\/v2\/types\/product"}],"wp:featuredmedia":[{"embeddable":true,"href":"https:\/\/shop.mittgard.de\/index.php?rest_route=\/wp\/v2\/media\/26151"}],"wp:attachment":[{"href":"https:\/\/shop.mittgard.de\/index.php?rest_route=%2Fwp%2Fv2%2Fmedia&parent=23819"}],"wp:term":[{"taxonomy":"product_brand","embeddable":true,"href":"https:\/\/shop.mittgard.de\/index.php?rest_route=%2Fwp%2Fv2%2Fproduct_brand&post=23819"},{"taxonomy":"product_cat","embeddable":true,"href":"https:\/\/shop.mittgard.de\/index.php?rest_route=%2Fwp%2Fv2%2Fproduct_cat&post=23819"},{"taxonomy":"product_tag","embeddable":true,"href":"https:\/\/shop.mittgard.de\/index.php?rest_route=%2Fwp%2Fv2%2Fproduct_tag&post=23819"}],"curies":[{"name":"wp","href":"https:\/\/api.w.org\/{rel}","templated":true}]}}