{"id":2382,"date":"2018-06-22T15:38:46","date_gmt":"2018-06-22T13:38:46","guid":{"rendered":"http:\/\/shop.mittgard.de\/?product=import-placeholder-for-2053"},"modified":"2024-12-15T12:25:33","modified_gmt":"2024-12-15T11:25:33","slug":"schofield-danks-wildnis-erleben","status":"publish","type":"product","link":"https:\/\/shop.mittgard.de\/?product=schofield-danks-wildnis-erleben","title":{"rendered":"Schofield\/Danks &#8222;Wildnis erleben&#8220;"},"content":{"rendered":"<p>Praktische Anleitungen f\u00fcr Outdoor-Aktivit\u00e4ten mit Kindern und Jugendlichen<\/p>\n<p>Ab in die Wildnis!<\/p>\n<p>Als Trapper durch den Wald pirschen und sich mit Pfeil und Bogen \u00fcben, einen einfachen Unterschlupf bauen, ohne Streichh\u00f6lzer Feuer machen und auf hei\u00dfen Kohlen kochen\u2026<\/p>\n<p>Dieses Buch will Jugendliche ins Freie locken, um die Natur in all ihren spannenden und aufregenden Facetten zu erleben. Einfach umsetzbare praktische Anleitungen und Tipps zu allen Themen rund um die beliebtesten Outdoor-Aktivit\u00e4ten:<\/p>\n<p>&#8211; Einen Unterschlupf bauen<br \/>\n&#8211; Wild campen<br \/>\n&#8211; Nahrungssuche in der Natur<br \/>\n&#8211; Kochen unter freiem Himmel<br \/>\n&#8211; Feuer machen und eine Kochstelle einrichten<br \/>\n&#8211; Einfache Werkzeuge und Waffen selbst anfertigen<br \/>\n&#8211; Zubeh\u00f6r wie L\u00f6ffel, Becher, Schn\u00fcre aus nat\u00fcrlichen Materialien herstellen<br \/>\n&#8211; die wichtigsten Knoten<\/p>\n<p>&#8222;Diese Sammlung von Ideen f\u00fcr Outdoor-Aktivit\u00e4ten geht \u00fcber blo\u00dfes Verstecken und Sandkastenspiele hinaus &#8211; sie zeugt letztlich von dem tief empfundenen Gef\u00fchl, da\u00df die Natur der gr\u00f6\u00dfte und beste &#8222;Spielplatz&#8220; der Welt ist.&#8220; The Independent<\/p>\n<p>Gebundene Ausgabe, 159 Seiten<\/p>\n","protected":false},"excerpt":{"rendered":"<p>Geb<\/p>\n","protected":false},"featured_media":7797,"template":"","meta":[],"product_brand":[],"product_cat":[186,185],"product_tag":[235,243,244],"class_list":{"0":"post-2382","1":"product","2":"type-product","3":"status-publish","4":"has-post-thumbnail","6":"product_cat-alternativ-leben","7":"product_cat-literatur","8":"product_tag-kinderbetreuung","9":"product_tag-natur","10":"product_tag-survival","11":"product_shipping_class-paket","13":"first","14":"instock","15":"taxable","16":"shipping-taxable","17":"purchasable","18":"product-type-simple"},"_links":{"self":[{"href":"https:\/\/shop.mittgard.de\/index.php?rest_route=\/wp\/v2\/product\/2382","targetHints":{"allow":["GET"]}}],"collection":[{"href":"https:\/\/shop.mittgard.de\/index.php?rest_route=\/wp\/v2\/product"}],"about":[{"href":"https:\/\/shop.mittgard.de\/index.php?rest_route=\/wp\/v2\/types\/product"}],"wp:featuredmedia":[{"embeddable":true,"href":"https:\/\/shop.mittgard.de\/index.php?rest_route=\/wp\/v2\/media\/7797"}],"wp:attachment":[{"href":"https:\/\/shop.mittgard.de\/index.php?rest_route=%2Fwp%2Fv2%2Fmedia&parent=2382"}],"wp:term":[{"taxonomy":"product_brand","embeddable":true,"href":"https:\/\/shop.mittgard.de\/index.php?rest_route=%2Fwp%2Fv2%2Fproduct_brand&post=2382"},{"taxonomy":"product_cat","embeddable":true,"href":"https:\/\/shop.mittgard.de\/index.php?rest_route=%2Fwp%2Fv2%2Fproduct_cat&post=2382"},{"taxonomy":"product_tag","embeddable":true,"href":"https:\/\/shop.mittgard.de\/index.php?rest_route=%2Fwp%2Fv2%2Fproduct_tag&post=2382"}],"curies":[{"name":"wp","href":"https:\/\/api.w.org\/{rel}","templated":true}]}}