{"id":2383,"date":"2018-06-22T15:38:46","date_gmt":"2018-06-22T13:38:46","guid":{"rendered":"http:\/\/shop.mittgard.de\/?product=import-placeholder-for-2054"},"modified":"2025-09-15T13:11:39","modified_gmt":"2025-09-15T11:11:39","slug":"shankara-parvatee-handbuch-fuer-selbstversorger","status":"publish","type":"product","link":"https:\/\/shop.mittgard.de\/?product=shankara-parvatee-handbuch-fuer-selbstversorger","title":{"rendered":"Shankara &#038; Parvatee &#8222;Handbuch f\u00fcr Selbstversorger&#8220;"},"content":{"rendered":"<p>Shankara und Parvatee pr\u00e4sentieren in diesem Buch die Essenz ihrer siebenj\u00e4hrigen Erfahrung auf dem Gebiet der Selbstversorgung und des nat\u00fcrlichen Lebens. Ein \u00e4u\u00dferst praktischer Ratgeber voller Tips, Rezepte und Anleitungen, die dem Interessierten helfen, dort, wo er sich gerade befindet, sei es in der Stadt oder auf dem Land, einige Schritte in Richtung auf sinnvolleres Leben zu machen.<\/p>\n<p>208 Seiten, handgeschrieben und illustriert<\/p>\n<p>Taschenbuch, 204 Seiten<\/p>\n","protected":false},"excerpt":{"rendered":"<p>PB<\/p>\n","protected":false},"featured_media":3642,"template":"","meta":[],"product_brand":[],"product_cat":[186,185],"product_tag":[226,233,220],"class_list":{"0":"post-2383","1":"product","2":"type-product","3":"status-publish","4":"has-post-thumbnail","6":"product_cat-alternativ-leben","7":"product_cat-literatur","8":"product_tag-basteln","9":"product_tag-handwerk","10":"product_tag-selbstversorger","11":"product_shipping_class-paket","13":"first","14":"instock","15":"taxable","16":"shipping-taxable","17":"purchasable","18":"product-type-simple"},"_links":{"self":[{"href":"https:\/\/shop.mittgard.de\/index.php?rest_route=\/wp\/v2\/product\/2383","targetHints":{"allow":["GET"]}}],"collection":[{"href":"https:\/\/shop.mittgard.de\/index.php?rest_route=\/wp\/v2\/product"}],"about":[{"href":"https:\/\/shop.mittgard.de\/index.php?rest_route=\/wp\/v2\/types\/product"}],"wp:featuredmedia":[{"embeddable":true,"href":"https:\/\/shop.mittgard.de\/index.php?rest_route=\/wp\/v2\/media\/3642"}],"wp:attachment":[{"href":"https:\/\/shop.mittgard.de\/index.php?rest_route=%2Fwp%2Fv2%2Fmedia&parent=2383"}],"wp:term":[{"taxonomy":"product_brand","embeddable":true,"href":"https:\/\/shop.mittgard.de\/index.php?rest_route=%2Fwp%2Fv2%2Fproduct_brand&post=2383"},{"taxonomy":"product_cat","embeddable":true,"href":"https:\/\/shop.mittgard.de\/index.php?rest_route=%2Fwp%2Fv2%2Fproduct_cat&post=2383"},{"taxonomy":"product_tag","embeddable":true,"href":"https:\/\/shop.mittgard.de\/index.php?rest_route=%2Fwp%2Fv2%2Fproduct_tag&post=2383"}],"curies":[{"name":"wp","href":"https:\/\/api.w.org\/{rel}","templated":true}]}}