{"id":23867,"date":"2024-03-08T12:31:45","date_gmt":"2024-03-08T11:31:45","guid":{"rendered":"https:\/\/shop.mittgard.de\/?post_type=product&#038;p=23867"},"modified":"2025-10-09T16:53:23","modified_gmt":"2025-10-09T14:53:23","slug":"wacholder-spitzen-ganz","status":"publish","type":"product","link":"https:\/\/shop.mittgard.de\/?product=wacholder-spitzen-ganz","title":{"rendered":"Wacholder, Spitzen, ganz"},"content":{"rendered":"<p>Der Duft des germanischen Lebensbaumes vertreibt b\u00f6se krankmachende D\u00e4monen &amp; l\u00e4dt Kranke &amp; R\u00e4ume mit neuer Lebensenergie auf<\/p>\n\r\n\t<a class=\"paoc-popup-click paoc-popup-cust-1069 paoc-popup-simple_link paoc-popup-link\" href=\"javascript:void(0);\">Geschichtliches samt Rezept<\/a>\r\n\r\n\n","protected":false},"excerpt":{"rendered":"<p>Der Duft des germanischen Lebensbaumes vertreibt b\u00f6se krankmachende D\u00e4monen &amp; l\u00e4dt Kranke &amp; R\u00e4ume mit neuer Lebensenergie auf<\/p>\n","protected":false},"featured_media":26576,"template":"","meta":[],"product_brand":[],"product_cat":[114,110],"product_tag":[171,165],"class_list":{"0":"post-23867","1":"product","2":"type-product","3":"status-publish","4":"has-post-thumbnail","6":"product_cat-kraeuter-hoelzer","7":"product_cat-raeucherwerk","8":"product_tag-kraeftigend","9":"product_tag-reinigend","10":"product_shipping_class-paket","12":"first","13":"instock","14":"taxable","15":"shipping-taxable","16":"purchasable","17":"product-type-simple"},"_links":{"self":[{"href":"https:\/\/shop.mittgard.de\/index.php?rest_route=\/wp\/v2\/product\/23867","targetHints":{"allow":["GET"]}}],"collection":[{"href":"https:\/\/shop.mittgard.de\/index.php?rest_route=\/wp\/v2\/product"}],"about":[{"href":"https:\/\/shop.mittgard.de\/index.php?rest_route=\/wp\/v2\/types\/product"}],"wp:featuredmedia":[{"embeddable":true,"href":"https:\/\/shop.mittgard.de\/index.php?rest_route=\/wp\/v2\/media\/26576"}],"wp:attachment":[{"href":"https:\/\/shop.mittgard.de\/index.php?rest_route=%2Fwp%2Fv2%2Fmedia&parent=23867"}],"wp:term":[{"taxonomy":"product_brand","embeddable":true,"href":"https:\/\/shop.mittgard.de\/index.php?rest_route=%2Fwp%2Fv2%2Fproduct_brand&post=23867"},{"taxonomy":"product_cat","embeddable":true,"href":"https:\/\/shop.mittgard.de\/index.php?rest_route=%2Fwp%2Fv2%2Fproduct_cat&post=23867"},{"taxonomy":"product_tag","embeddable":true,"href":"https:\/\/shop.mittgard.de\/index.php?rest_route=%2Fwp%2Fv2%2Fproduct_tag&post=23867"}],"curies":[{"name":"wp","href":"https:\/\/api.w.org\/{rel}","templated":true}]}}