{"id":23875,"date":"2024-03-14T14:44:29","date_gmt":"2024-03-14T13:44:29","guid":{"rendered":"https:\/\/shop.mittgard.de\/?post_type=product&#038;p=23875"},"modified":"2025-12-02T17:08:22","modified_gmt":"2025-12-02T16:08:22","slug":"ackermann-erich-die-besten-gespenstergeschichten-aus-aller-welt","status":"publish","type":"product","link":"https:\/\/shop.mittgard.de\/?product=ackermann-erich-die-besten-gespenstergeschichten-aus-aller-welt","title":{"rendered":"Ackermann, Erich &#8222;Die besten Geistergeschichten aus aller Welt&#8220;"},"content":{"rendered":"<p>Die Lust am Gruseln und Nervenkitzel scheint dem Menschen angeboren: Seit jeher treiben D\u00e4monen, Hexen, Vampire, Werw\u00f6lfe und zahlreiche andere b\u00f6sartige Kreaturen in der Literatur und seit dem 20.Jahrhundert ebenso in Filmen und Computerspielen ihr Unwesen. Im vorliegenden Band versammelt Erich Ackermann neben schauerlichen Geschichten und M\u00e4rchen des Volksglaubens fantastisch-gespenstische Erz\u00e4hlungen der gro\u00dfen Weltliteratur. Tauchen Sie ein in die Reiche der dunklen Magie und des Aberglaubens &#8211; G\u00e4nsehaut garantiert!<\/p>\n<p>Gebundene Ausgabe, 545 Seiten<\/p>\n","protected":false},"excerpt":{"rendered":"<p>Geb<\/p>\n","protected":false},"featured_media":26508,"template":"","meta":[],"product_brand":[],"product_cat":[185,213,209,212],"product_tag":[1525,320,1527,1526,1167],"class_list":{"0":"post-23875","1":"product","2":"type-product","3":"status-publish","4":"has-post-thumbnail","6":"product_cat-literatur","7":"product_cat-maerchen","8":"product_cat-romane-dichtungen","9":"product_cat-sagen","10":"product_tag-gespenster","11":"product_tag-hexen","12":"product_tag-spuk","13":"product_tag-vampire","14":"product_tag-werwolf","15":"product_shipping_class-paket","17":"first","18":"onbackorder","19":"taxable","20":"shipping-taxable","21":"purchasable","22":"product-type-simple"},"_links":{"self":[{"href":"https:\/\/shop.mittgard.de\/index.php?rest_route=\/wp\/v2\/product\/23875","targetHints":{"allow":["GET"]}}],"collection":[{"href":"https:\/\/shop.mittgard.de\/index.php?rest_route=\/wp\/v2\/product"}],"about":[{"href":"https:\/\/shop.mittgard.de\/index.php?rest_route=\/wp\/v2\/types\/product"}],"wp:featuredmedia":[{"embeddable":true,"href":"https:\/\/shop.mittgard.de\/index.php?rest_route=\/wp\/v2\/media\/26508"}],"wp:attachment":[{"href":"https:\/\/shop.mittgard.de\/index.php?rest_route=%2Fwp%2Fv2%2Fmedia&parent=23875"}],"wp:term":[{"taxonomy":"product_brand","embeddable":true,"href":"https:\/\/shop.mittgard.de\/index.php?rest_route=%2Fwp%2Fv2%2Fproduct_brand&post=23875"},{"taxonomy":"product_cat","embeddable":true,"href":"https:\/\/shop.mittgard.de\/index.php?rest_route=%2Fwp%2Fv2%2Fproduct_cat&post=23875"},{"taxonomy":"product_tag","embeddable":true,"href":"https:\/\/shop.mittgard.de\/index.php?rest_route=%2Fwp%2Fv2%2Fproduct_tag&post=23875"}],"curies":[{"name":"wp","href":"https:\/\/api.w.org\/{rel}","templated":true}]}}