{"id":2389,"date":"2018-06-22T15:38:51","date_gmt":"2018-06-22T13:38:51","guid":{"rendered":"http:\/\/shop.mittgard.de\/?product=import-placeholder-for-2060"},"modified":"2024-12-15T12:37:24","modified_gmt":"2024-12-15T11:37:24","slug":"tschaepperle-gresch-beutler-brachland","status":"publish","type":"product","link":"https:\/\/shop.mittgard.de\/?product=tschaepperle-gresch-beutler-brachland","title":{"rendered":"Tsch\u00e4pperle\/Gresch\/Beutler &#8222;Brachland&#8220;"},"content":{"rendered":"<p>H\u00e4user werden abgerissen &#8211; was entsteht ist meist eine wilde Brachfl\u00e4che voller M\u00fcll. Wie man diese Fl\u00e4chen sinnvoll nutzen kann als Spielplatz, Kunstwerk oder Orte der Begegnung wird in diesem Buch beschrieben.<\/p>\n<p>Eine unber\u00fchrte Wildnis hinter Brettern, grasbewachsene Erdh\u00fcgel, Steinhaufen und gro\u00dfe Pf\u00fctzen &#8211; Brachland existiert auch im urbanen Raum. Vielleicht handelt es sich um ein stillgelegtes Betriebsgel\u00e4nde oder um (noch) nicht genutztes Bauland. Naturnahe Brachfl\u00e4chen bieten f\u00fcr die Bev\u00f6lkerung viele M\u00f6glichkeiten, die es zu entdecken gilt: Raum f\u00fcr ausgelassene Kinderspiele mit Wasser, Sand und Steinen, Naturerfahrung, Orte der Begegnung f\u00fcr die Stadtteilbewohner\/-innen.<\/p>\n<p>&#8222;brachland&#8220; zeigt auf, wie aktive Stadtbewohner\/-innen und Initiativen Freifl\u00e4chen nutzbar machen k\u00f6nnen und was dabei zu beachten ist. Das Buch vermittelt fachliche Grundlagen, erz\u00e4hlt Geschichten von Nutzungs- und Zwischennutzungsprojekten und gibt Tips f\u00fcr jene, die eine Brachfl\u00e4che in einen wirklichen Freiraum verwandeln wollen.<\/p>\n<p>Broschiert, 128 Seiten<\/p>\n","protected":false},"excerpt":{"rendered":"<p>Br<\/p>\n","protected":false},"featured_media":3655,"template":"","meta":[],"product_brand":[],"product_cat":[186,185,219,56],"product_tag":[235,243],"class_list":{"0":"post-2389","1":"product","2":"type-product","3":"status-publish","4":"has-post-thumbnail","6":"product_cat-alternativ-leben","7":"product_cat-literatur","8":"product_cat-literatur-restekiste","9":"product_cat-restekiste","10":"product_tag-kinderbetreuung","11":"product_tag-natur","12":"product_shipping_class-paket","14":"first","15":"instock","16":"taxable","17":"shipping-taxable","18":"purchasable","19":"product-type-simple"},"_links":{"self":[{"href":"https:\/\/shop.mittgard.de\/index.php?rest_route=\/wp\/v2\/product\/2389","targetHints":{"allow":["GET"]}}],"collection":[{"href":"https:\/\/shop.mittgard.de\/index.php?rest_route=\/wp\/v2\/product"}],"about":[{"href":"https:\/\/shop.mittgard.de\/index.php?rest_route=\/wp\/v2\/types\/product"}],"wp:featuredmedia":[{"embeddable":true,"href":"https:\/\/shop.mittgard.de\/index.php?rest_route=\/wp\/v2\/media\/3655"}],"wp:attachment":[{"href":"https:\/\/shop.mittgard.de\/index.php?rest_route=%2Fwp%2Fv2%2Fmedia&parent=2389"}],"wp:term":[{"taxonomy":"product_brand","embeddable":true,"href":"https:\/\/shop.mittgard.de\/index.php?rest_route=%2Fwp%2Fv2%2Fproduct_brand&post=2389"},{"taxonomy":"product_cat","embeddable":true,"href":"https:\/\/shop.mittgard.de\/index.php?rest_route=%2Fwp%2Fv2%2Fproduct_cat&post=2389"},{"taxonomy":"product_tag","embeddable":true,"href":"https:\/\/shop.mittgard.de\/index.php?rest_route=%2Fwp%2Fv2%2Fproduct_tag&post=2389"}],"curies":[{"name":"wp","href":"https:\/\/api.w.org\/{rel}","templated":true}]}}