{"id":2390,"date":"2018-06-22T15:38:51","date_gmt":"2018-06-22T13:38:51","guid":{"rendered":"http:\/\/shop.mittgard.de\/?product=import-placeholder-for-2061"},"modified":"2025-08-18T17:17:32","modified_gmt":"2025-08-18T15:17:32","slug":"ulbrich-gerwin-die-hohe-zeit","status":"publish","type":"product","link":"https:\/\/shop.mittgard.de\/?product=ulbrich-gerwin-die-hohe-zeit","title":{"rendered":"Ulbrich\/Gerwin &#8222;Die Hohe Zeit&#8220;"},"content":{"rendered":"<p>Rituale &amp; Zeremonien f\u00fcr Hochzeit, Lebensbund und Familie<\/p>\n<p>Gerwin und Ulbrich zeigen praxisnah, wie heute geheiratet werden kann: auf Waldlichtungen, auf alten Kultpl\u00e4tzen, im heimischen Garten und unterm Sternenzelt! Der Schwerpunkt des Buches liegt auf leicht verst\u00e4ndlichen Texten, aussagekr\u00e4ftigen Bildern und einer \u00e4sthetischen Gestaltung.<\/p>\n<p>&#8222;Die Hohe Zeit&#8220; ist ein Kompendium zeitgem\u00e4\u00dfer Hochzeitsbr\u00e4uche und ein hilfreicher Leitfaden zur Ausgestaltung der eigenen Feierlichkeiten.<\/p>\n<p>Die Autoren sch\u00f6pfen dabei nicht nur aus der eigenen Erfahrung, sondern f\u00fchren beispielhafte Eheschlie\u00dfungen aus den verschiedenen naturreligi\u00f6sen Str\u00f6mungen an (keltisch, germanisch, wicca, b\u00e4uerlich, \u00f6kumenisch christlich-heidnisch, indianisch usw.).<\/p>\n<p>Broschiert, 128 Seiten<\/p>\n","protected":false},"excerpt":{"rendered":"<p>Br<\/p>\n","protected":false},"featured_media":7244,"template":"","meta":[],"product_brand":[],"product_cat":[186,185],"product_tag":[224,225,223],"class_list":{"0":"post-2390","1":"product","2":"type-product","3":"status-publish","4":"has-post-thumbnail","6":"product_cat-alternativ-leben","7":"product_cat-literatur","8":"product_tag-heidentum","9":"product_tag-jahreskreis","10":"product_tag-naturreligion","11":"product_shipping_class-paket","13":"first","14":"onbackorder","15":"taxable","16":"shipping-taxable","17":"purchasable","18":"product-type-simple"},"_links":{"self":[{"href":"https:\/\/shop.mittgard.de\/index.php?rest_route=\/wp\/v2\/product\/2390","targetHints":{"allow":["GET"]}}],"collection":[{"href":"https:\/\/shop.mittgard.de\/index.php?rest_route=\/wp\/v2\/product"}],"about":[{"href":"https:\/\/shop.mittgard.de\/index.php?rest_route=\/wp\/v2\/types\/product"}],"wp:featuredmedia":[{"embeddable":true,"href":"https:\/\/shop.mittgard.de\/index.php?rest_route=\/wp\/v2\/media\/7244"}],"wp:attachment":[{"href":"https:\/\/shop.mittgard.de\/index.php?rest_route=%2Fwp%2Fv2%2Fmedia&parent=2390"}],"wp:term":[{"taxonomy":"product_brand","embeddable":true,"href":"https:\/\/shop.mittgard.de\/index.php?rest_route=%2Fwp%2Fv2%2Fproduct_brand&post=2390"},{"taxonomy":"product_cat","embeddable":true,"href":"https:\/\/shop.mittgard.de\/index.php?rest_route=%2Fwp%2Fv2%2Fproduct_cat&post=2390"},{"taxonomy":"product_tag","embeddable":true,"href":"https:\/\/shop.mittgard.de\/index.php?rest_route=%2Fwp%2Fv2%2Fproduct_tag&post=2390"}],"curies":[{"name":"wp","href":"https:\/\/api.w.org\/{rel}","templated":true}]}}