{"id":23905,"date":"2024-03-24T13:49:22","date_gmt":"2024-03-24T12:49:22","guid":{"rendered":"https:\/\/shop.mittgard.de\/?post_type=product&#038;p=23905"},"modified":"2025-10-09T16:24:37","modified_gmt":"2025-10-09T14:24:37","slug":"dreyer-basic-fruechte-wildkraeuter","status":"publish","type":"product","link":"https:\/\/shop.mittgard.de\/?product=dreyer-basic-fruechte-wildkraeuter","title":{"rendered":"Dreyer &#8222;Basic: Fr\u00fcchte &#038; Wildkr\u00e4uter&#8220;"},"content":{"rendered":"<p>92 Arten f\u00fcr deine Jackentasche<\/p>\n<p>Mehr wissen, mehr entdecken mit deinem praktischen Naturf\u00fchrer f\u00fcr unterwegs<\/p>\n<p>-&gt; EINFACH: schnelle Orientierung mit dem KOSMOS-Farbcode<\/p>\n<p>-&gt; TREFFSICHER: in drei Schritten zur richtigen Art<\/p>\n<p>-&gt; VERST\u00c4NDLICH: wichtige Merkmale direkt im Bild erkl\u00e4rt<\/p>\n<p>TB, 128 Seiten<\/p>\n","protected":false},"excerpt":{"rendered":"<p>TB<\/p>\n","protected":false},"featured_media":26533,"template":"","meta":[],"product_brand":[],"product_cat":[185,201],"product_tag":[529,366,220,244],"class_list":{"0":"post-23905","1":"product","2":"type-product","3":"status-publish","4":"has-post-thumbnail","6":"product_cat-literatur","7":"product_cat-naturheilkunde-kraeuterwissen","8":"product_tag-beeren","9":"product_tag-kraeuter","10":"product_tag-selbstversorger","11":"product_tag-survival","12":"product_shipping_class-brief","14":"first","15":"onbackorder","16":"taxable","17":"shipping-taxable","18":"purchasable","19":"product-type-simple"},"_links":{"self":[{"href":"https:\/\/shop.mittgard.de\/index.php?rest_route=\/wp\/v2\/product\/23905","targetHints":{"allow":["GET"]}}],"collection":[{"href":"https:\/\/shop.mittgard.de\/index.php?rest_route=\/wp\/v2\/product"}],"about":[{"href":"https:\/\/shop.mittgard.de\/index.php?rest_route=\/wp\/v2\/types\/product"}],"wp:featuredmedia":[{"embeddable":true,"href":"https:\/\/shop.mittgard.de\/index.php?rest_route=\/wp\/v2\/media\/26533"}],"wp:attachment":[{"href":"https:\/\/shop.mittgard.de\/index.php?rest_route=%2Fwp%2Fv2%2Fmedia&parent=23905"}],"wp:term":[{"taxonomy":"product_brand","embeddable":true,"href":"https:\/\/shop.mittgard.de\/index.php?rest_route=%2Fwp%2Fv2%2Fproduct_brand&post=23905"},{"taxonomy":"product_cat","embeddable":true,"href":"https:\/\/shop.mittgard.de\/index.php?rest_route=%2Fwp%2Fv2%2Fproduct_cat&post=23905"},{"taxonomy":"product_tag","embeddable":true,"href":"https:\/\/shop.mittgard.de\/index.php?rest_route=%2Fwp%2Fv2%2Fproduct_tag&post=23905"}],"curies":[{"name":"wp","href":"https:\/\/api.w.org\/{rel}","templated":true}]}}