{"id":23915,"date":"2024-03-24T14:06:13","date_gmt":"2024-03-24T13:06:13","guid":{"rendered":"https:\/\/shop.mittgard.de\/?post_type=product&#038;p=23915"},"modified":"2025-10-08T18:04:17","modified_gmt":"2025-10-08T16:04:17","slug":"fischer-isabel-wild-durchs-jahr","status":"publish","type":"product","link":"https:\/\/shop.mittgard.de\/?product=fischer-isabel-wild-durchs-jahr","title":{"rendered":"Fischer, Isabel &#8222;Wild durchs Jahr&#8220;"},"content":{"rendered":"<p>&#8222;Ich zeige dir, wie man wilde Pflanzen sammeln und verarbeiten kann&#8220;.<\/p>\n<p>Wilde Pflanzen &#8211; von Januar bis Dezember<\/p>\n<p>Wild durchs Jahr &#8211; komm mit! Lass uns gemeinsam entdecken, was es jeden Monat Neues in der Natur zu sammeln gibt: von zarter Vogelmiere im Januar \u00fcber B\u00e4rlauch im Fr\u00fchling und Holunder im Sp\u00e4tsommer bis hin zu aromatischen Nadelb\u00e4umen im Winter. Und es ist der Wahnsinn, was du daraus alles herstellen kannst: Smoothies und Pestos, Tinkturen und Salben, Lik\u00f6re und Bl\u00fctenweine. Die wilde Reise kann beginnen. Bist du dabei?<\/p>\n<ul>\n<li><strong>Details\u00a0<\/strong>Auf meinen Fotos siehst du ganz genau, an welchen Merkmalen man die Pflanzen erkennen kann. So lernst du jeden Monat neue Arten kennen.<\/li>\n<li><strong>Ideen\u00a0<\/strong>Man kann aus Kr\u00e4utern so viel machen! Lass dich von meinen leckeren, abwechslungsreichen und gesunden Rezepten inspirieren.<\/li>\n<li><strong>Community\u00a0<\/strong>Besuche mich auf meinem Instagram-Kanal &#8222;hegerundsammler&#8220; und werde Teil einer pflanzenbegeisterten und wertsch\u00e4tzenden Community<\/li>\n<\/ul>\n<p>Broschiert, 160 Seiten<\/p>\n","protected":false},"excerpt":{"rendered":"<p>Br<\/p>\n","protected":false},"featured_media":26214,"template":"","meta":[],"product_brand":[],"product_cat":[186,185,201,206],"product_tag":[937,1528,220,244,416],"class_list":{"0":"post-23915","1":"product","2":"type-product","3":"status-publish","4":"has-post-thumbnail","6":"product_cat-alternativ-leben","7":"product_cat-literatur","8":"product_cat-naturheilkunde-kraeuterwissen","9":"product_cat-naturkost","10":"product_tag-heilkraeuter","11":"product_tag-naturkosmetik","12":"product_tag-selbstversorger","13":"product_tag-survival","14":"product_tag-wildpflanzen","15":"product_shipping_class-paket","17":"first","18":"onbackorder","19":"taxable","20":"shipping-taxable","21":"purchasable","22":"product-type-simple"},"_links":{"self":[{"href":"https:\/\/shop.mittgard.de\/index.php?rest_route=\/wp\/v2\/product\/23915","targetHints":{"allow":["GET"]}}],"collection":[{"href":"https:\/\/shop.mittgard.de\/index.php?rest_route=\/wp\/v2\/product"}],"about":[{"href":"https:\/\/shop.mittgard.de\/index.php?rest_route=\/wp\/v2\/types\/product"}],"wp:featuredmedia":[{"embeddable":true,"href":"https:\/\/shop.mittgard.de\/index.php?rest_route=\/wp\/v2\/media\/26214"}],"wp:attachment":[{"href":"https:\/\/shop.mittgard.de\/index.php?rest_route=%2Fwp%2Fv2%2Fmedia&parent=23915"}],"wp:term":[{"taxonomy":"product_brand","embeddable":true,"href":"https:\/\/shop.mittgard.de\/index.php?rest_route=%2Fwp%2Fv2%2Fproduct_brand&post=23915"},{"taxonomy":"product_cat","embeddable":true,"href":"https:\/\/shop.mittgard.de\/index.php?rest_route=%2Fwp%2Fv2%2Fproduct_cat&post=23915"},{"taxonomy":"product_tag","embeddable":true,"href":"https:\/\/shop.mittgard.de\/index.php?rest_route=%2Fwp%2Fv2%2Fproduct_tag&post=23915"}],"curies":[{"name":"wp","href":"https:\/\/api.w.org\/{rel}","templated":true}]}}